{"id":1341,"date":"2025-05-10T01:26:42","date_gmt":"2025-05-09T22:26:42","guid":{"rendered":"https:\/\/fideslogistics.com\/?page_id=1341"},"modified":"2025-06-26T18:38:59","modified_gmt":"2025-06-26T15:38:59","slug":"botschaft-des-praesidenten","status":"publish","type":"page","link":"https:\/\/fideslogistics.com\/de\/botschaft-des-praesidenten\/","title":{"rendered":"Botschaft des Pr\u00e4sidenten"},"content":{"rendered":"\t\t<div data-elementor-type=\"wp-page\" data-elementor-id=\"1341\" class=\"elementor elementor-1341\">\n\t\t\t\t\t\t\t\t\t<section class=\"elementor-section elementor-top-section elementor-element elementor-element-38a8565 elementor-section-full_width elementor-section-stretched elementor-section-height-default elementor-section-height-default parallax_section_no qode_elementor_container_no\" data-id=\"38a8565\" data-element_type=\"section\" data-settings=\"{&quot;stretch_section&quot;:&quot;section-stretched&quot;}\">\n\t\t\t\t\t\t<div class=\"elementor-container elementor-column-gap-no\">\n\t\t\t\t\t<div class=\"elementor-column elementor-col-100 elementor-top-column elementor-element elementor-element-4048c1e\" data-id=\"4048c1e\" data-element_type=\"column\">\n\t\t\t<div class=\"elementor-widget-wrap elementor-element-populated\">\n\t\t\t\t\t\t\t\t<div class=\"elementor-element elementor-element-71ff448 elementor-widget elementor-widget-image\" data-id=\"71ff448\" data-element_type=\"widget\" data-widget_type=\"image.default\">\n\t\t\t\t<div class=\"elementor-widget-container\">\n\t\t\t\t\t\t\t\t\t\t\t\t\t\t\t<img width=\"1920\" height=\"600\" src=\"https:\/\/fideslogistics.com\/wp-content\/uploads\/2025\/06\/rafet_uyanik_2-1.png\" class=\"attachment-full size-full\" alt=\"\" loading=\"lazy\" srcset=\"https:\/\/fideslogistics.com\/wp-content\/uploads\/2025\/06\/rafet_uyanik_2-1.png 1920w, https:\/\/fideslogistics.com\/wp-content\/uploads\/2025\/06\/rafet_uyanik_2-1-300x94.png 300w, https:\/\/fideslogistics.com\/wp-content\/uploads\/2025\/06\/rafet_uyanik_2-1-1024x320.png 1024w, https:\/\/fideslogistics.com\/wp-content\/uploads\/2025\/06\/rafet_uyanik_2-1-768x240.png 768w, https:\/\/fideslogistics.com\/wp-content\/uploads\/2025\/06\/rafet_uyanik_2-1-1536x480.png 1536w, https:\/\/fideslogistics.com\/wp-content\/uploads\/2025\/06\/rafet_uyanik_2-1-18x6.png 18w, https:\/\/fideslogistics.com\/wp-content\/uploads\/2025\/06\/rafet_uyanik_2-1-700x219.png 700w\" sizes=\"(max-width: 1920px) 100vw, 1920px\" \/>\t\t\t\t\t\t\t\t\t\t\t\t\t\t\t<\/div>\n\t\t\t\t<\/div>\n\t\t\t\t\t<\/div>\n\t\t<\/div>\n\t\t\t\t\t\t\t<\/div>\n\t\t<\/section>\n\t\t\t\t<section class=\"elementor-section elementor-top-section elementor-element elementor-element-c594e04 elementor-section-boxed elementor-section-height-default elementor-section-height-default parallax_section_no qode_elementor_container_no\" data-id=\"c594e04\" data-element_type=\"section\">\n\t\t\t\t\t\t<div class=\"elementor-container elementor-column-gap-default\">\n\t\t\t\t\t<div class=\"elementor-column elementor-col-100 elementor-top-column elementor-element elementor-element-cdda0e8\" data-id=\"cdda0e8\" data-element_type=\"column\">\n\t\t\t<div class=\"elementor-widget-wrap elementor-element-populated\">\n\t\t\t\t\t\t\t\t<div class=\"elementor-element elementor-element-346bb07 elementor-widget elementor-widget-spacer\" data-id=\"346bb07\" data-element_type=\"widget\" data-widget_type=\"spacer.default\">\n\t\t\t\t<div class=\"elementor-widget-container\">\n\t\t\t\t\t<div class=\"elementor-spacer\">\n\t\t\t<div class=\"elementor-spacer-inner\"><\/div>\n\t\t<\/div>\n\t\t\t\t<\/div>\n\t\t\t\t<\/div>\n\t\t\t\t\t<\/div>\n\t\t<\/div>\n\t\t\t\t\t\t\t<\/div>\n\t\t<\/section>\n\t\t\t\t<section class=\"elementor-section elementor-top-section elementor-element elementor-element-9af3b72 elementor-section-boxed elementor-section-height-default elementor-section-height-default parallax_section_no qode_elementor_container_no\" data-id=\"9af3b72\" data-element_type=\"section\">\n\t\t\t\t\t\t<div class=\"elementor-container elementor-column-gap-default\">\n\t\t\t\t\t<div class=\"elementor-column elementor-col-100 elementor-top-column elementor-element elementor-element-6e47e85\" data-id=\"6e47e85\" data-element_type=\"column\">\n\t\t\t<div class=\"elementor-widget-wrap elementor-element-populated\">\n\t\t\t\t\t\t\t\t<div class=\"elementor-element elementor-element-695c475 elementor-widget elementor-widget-qi_addons_for_elementor_blockquote\" data-id=\"695c475\" data-element_type=\"widget\" data-widget_type=\"qi_addons_for_elementor_blockquote.default\">\n\t\t\t\t<div class=\"elementor-widget-container\">\n\t\t\t<div class=\"qodef-shortcode qodef-m  qodef-qi-blockquote qodef-layout--inline qodef--icon-pack\">\n\t\t\t<p class=\"qodef-m-text\">\n\t\t\t\t\t\t\t<span class=\"qodef-m-icon\">\n\t\t\t\t\t<i aria-hidden=\"true\" class=\"fas fa-quote-right\"><\/i>\t\t\t\t<\/span>\n\t\t\t\t\t\tSehr geehrte Kunden und Gesch\u00e4ftspartner, liebe Mitarbeiter und Freunde,\nDie Logistik geh\u00f6rt zu den kritischsten Branchen der Welt. Die Verantwortung die es \u00fcbernimmt ist von gro\u00dfer Bedeutung f\u00fcr das reibungslose Funktionieren des Wertsch\u00f6pfungsprozesses.\n\t\t<\/p>\n\t<\/div>\n\t\t<\/div>\n\t\t\t\t<\/div>\n\t\t\t\t<div class=\"elementor-element elementor-element-f8f9dbd elementor-widget elementor-widget-text-editor\" data-id=\"f8f9dbd\" data-element_type=\"widget\" data-widget_type=\"text-editor.default\">\n\t\t\t\t<div class=\"elementor-widget-container\">\n\t\t\t\t\t\t\t<p>Als Fides Logistics GmbH haben wir es uns zum Ziel gesetzt diesen Lieferprozess in Deutschland, Europa und Weltweit richtig zu steuern. Unsere Professionalit\u00e4t bietet Ihrem Unternehmen einen Mehrwert.<\/p><p>\u00a0<\/p><p>Unseren Kunden und Gesch\u00e4ftspartnern stehen wir mit speziellen L\u00f6sungen stets zur Seite.<\/p><p>\u00a0<\/p><p>Dank unserer Leidenschaft zur Logistik sind wir wie am ersten Tag mit Begeisterung f\u00fcr Sie da. Unsere professionellen Mitarbeiter und unser weltweites Partnernetzwerk sind das Fundament unserer Servicekultur.<\/p><p>Sie gew\u00e4hrleisten qualitativ hochwertige L\u00f6sungen von Sammelgut bis hin zu kompletten Ladeeinheiten zu fairen Konditionen.<\/p><p>\u00a0<\/p><p>Die Zufriedenheit unserer Kunden und das Wohl unserer Mitarbeiter sind f\u00fcr uns oberste Priorit\u00e4t. Nur so k\u00f6nnen wir unser Unternehmen weiterentwickeln und die Arbeitspl\u00e4tze gezielt ausbauen.\u00a0<\/p><p>\u00a0<\/p><p>Unser eigenes Vorw\u00e4rtskommen darf aber nicht zu Lasten einer intakten Umwelt gehen. Deshalb sind wir stets bestrebt, unseren \u00f6kologischen Fu\u00dfabdruck zu reduzieren.<\/p><p>Unser oberstes Ziel ist es, durch die stetige Verbesserung unseres Service und T\u00e4tigkeitsbereiches sowie unserer Loyalit\u00e4t zu berufsethischen Regeln, einen maximalen Beitrag f\u00fcr unsere Branche zu Leisten.<\/p><p>\u00a0<\/p><p><strong>Rafet Uyan\u0131k<\/strong><br \/><em>Vorstandsvorsitzender<\/em><br \/><em>Fides Logistics GmbH<\/em><\/p><p>\u00a0<\/p>\t\t\t\t\t\t<\/div>\n\t\t\t\t<\/div>\n\t\t\t\t\t<\/div>\n\t\t<\/div>\n\t\t\t\t\t\t\t<\/div>\n\t\t<\/section>\n\t\t\t\t<section class=\"elementor-section elementor-top-section elementor-element elementor-element-8fa26e8 elementor-section-boxed elementor-section-height-default elementor-section-height-default parallax_section_no qode_elementor_container_no\" data-id=\"8fa26e8\" data-element_type=\"section\">\n\t\t\t\t\t\t<div class=\"elementor-container elementor-column-gap-default\">\n\t\t\t\t\t<div class=\"elementor-column elementor-col-100 elementor-top-column elementor-element elementor-element-b8f99da\" data-id=\"b8f99da\" data-element_type=\"column\">\n\t\t\t<div class=\"elementor-widget-wrap elementor-element-populated\">\n\t\t\t\t\t\t\t\t<div class=\"elementor-element elementor-element-7846da9 elementor-widget elementor-widget-spacer\" data-id=\"7846da9\" data-element_type=\"widget\" data-widget_type=\"spacer.default\">\n\t\t\t\t<div class=\"elementor-widget-container\">\n\t\t\t\t\t<div class=\"elementor-spacer\">\n\t\t\t<div class=\"elementor-spacer-inner\"><\/div>\n\t\t<\/div>\n\t\t\t\t<\/div>\n\t\t\t\t<\/div>\n\t\t\t\t\t<\/div>\n\t\t<\/div>\n\t\t\t\t\t\t\t<\/div>\n\t\t<\/section>\n\t\t\t\t\t\t\t<\/div>\n\t\t","protected":false},"excerpt":{"rendered":"<p>Sehr geehrte Kunden und Gesch\u00e4ftspartner, liebe Mitarbeiter und Freunde, Die Logistik geh\u00f6rt zu den kritischsten Branchen der Welt. Die Verantwortung die es \u00fcbernimmt ist von gro\u00dfer Bedeutung f\u00fcr das reibungslose Funktionieren des Wertsch\u00f6pfungsprozesses. Als Fides Logistics GmbH haben wir es uns zum Ziel gesetzt diesen&#8230;<\/p>\n","protected":false},"author":1,"featured_media":0,"parent":0,"menu_order":0,"comment_status":"closed","ping_status":"closed","template":"","meta":[],"_links":{"self":[{"href":"https:\/\/fideslogistics.com\/de\/wp-json\/wp\/v2\/pages\/1341"}],"collection":[{"href":"https:\/\/fideslogistics.com\/de\/wp-json\/wp\/v2\/pages"}],"about":[{"href":"https:\/\/fideslogistics.com\/de\/wp-json\/wp\/v2\/types\/page"}],"author":[{"embeddable":true,"href":"https:\/\/fideslogistics.com\/de\/wp-json\/wp\/v2\/users\/1"}],"replies":[{"embeddable":true,"href":"https:\/\/fideslogistics.com\/de\/wp-json\/wp\/v2\/comments?post=1341"}],"version-history":[{"count":36,"href":"https:\/\/fideslogistics.com\/de\/wp-json\/wp\/v2\/pages\/1341\/revisions"}],"predecessor-version":[{"id":1696,"href":"https:\/\/fideslogistics.com\/de\/wp-json\/wp\/v2\/pages\/1341\/revisions\/1696"}],"wp:attachment":[{"href":"https:\/\/fideslogistics.com\/de\/wp-json\/wp\/v2\/media?parent=1341"}],"curies":[{"name":"wp","href":"https:\/\/api.w.org\/{rel}","templated":true}]}}