{"id":234,"date":"2016-11-01T10:37:50","date_gmt":"2016-11-01T07:37:50","guid":{"rendered":"http:\/\/bridge84.qodeinteractive.com\/?page_id=234"},"modified":"2025-06-28T17:35:42","modified_gmt":"2025-06-28T14:35:42","slug":"leistungen","status":"publish","type":"page","link":"https:\/\/fideslogistics.com\/de\/leistungen\/","title":{"rendered":"Leistungen"},"content":{"rendered":"\t\t<div data-elementor-type=\"wp-page\" data-elementor-id=\"234\" class=\"elementor elementor-234\">\n\t\t\t\t\t\t\t\t\t<section class=\"elementor-section elementor-top-section elementor-element elementor-element-503bbce elementor-section-boxed elementor-section-height-default elementor-section-height-default parallax_section_no qode_elementor_container_no\" data-id=\"503bbce\" data-element_type=\"section\" data-settings=\"{&quot;background_background&quot;:&quot;gradient&quot;}\">\n\t\t\t\t\t\t<div class=\"elementor-container elementor-column-gap-default\">\n\t\t\t\t\t<div class=\"elementor-column elementor-col-100 elementor-top-column elementor-element elementor-element-1d81209\" data-id=\"1d81209\" data-element_type=\"column\" data-settings=\"{&quot;background_background&quot;:&quot;classic&quot;}\">\n\t\t\t<div class=\"elementor-widget-wrap elementor-element-populated\">\n\t\t\t\t\t\t\t\t<div class=\"elementor-element elementor-element-345e32f elementor-widget elementor-widget-bridge_circles\" data-id=\"345e32f\" data-element_type=\"widget\" data-widget_type=\"bridge_circles.default\">\n\t\t\t\t<div class=\"elementor-widget-container\">\n\t\t\t\n        <ul class=\"q_circles_holder four_columns no_line\" >\n\n            <li class=\"q_circle_outer\"><a itemprop=\"url\" href=\"https:\/\/fideslogistics.com\/de\/landverkehre\/\" target=\"_self\"><span class=\"q_circle_inner\"><span class=\"q_circle_inner2\" style=\"\"><img itemprop=\"image\" class=\"q_image_in_circle\" src=\"https:\/\/fideslogistics.com\/wp-content\/uploads\/2025\/05\/kare_gorsel_4.png\" alt=\"\" \/><\/span><\/span><\/a><div class=\"q_circle_text_holder\"><h3 class=\"q_circle_title\" style=\"\">Landverkehre<\/h3><p class=\"q_circle_text\" style=\"\">Wir bieten zuverl\u00e4ssige und flexible L\u00f6sungen f\u00fcr nationale und internationale Stra\u00dfentransporte \u2013 ob Teil- oder Komplettladungen.<\/p><\/div><\/li><li class=\"q_circle_outer\"><a itemprop=\"url\" href=\"https:\/\/fideslogistics.com\/lagerung\/\" target=\"_self\"><span class=\"q_circle_inner\"><span class=\"q_circle_inner2\" style=\"\"><img itemprop=\"image\" class=\"q_image_in_circle\" src=\"https:\/\/fideslogistics.com\/wp-content\/uploads\/2025\/05\/kare_gorsel_2.png\" alt=\"\" \/><\/span><\/span><\/a><div class=\"q_circle_text_holder\"><h3 class=\"q_circle_title\" style=\"\">Lagerung<\/h3><p class=\"q_circle_text\" style=\"\">Wir bieten Lagerl\u00f6sungen im In- und Ausland \u2013 f\u00fcr alle Branchen, in offenen und zollgebundenen Lagern sowie Logistikzentren.<\/p><\/div><\/li><li class=\"q_circle_outer\"><a itemprop=\"url\" href=\"https:\/\/fideslogistics.com\/de\/luftfracht\/\" target=\"_self\"><span class=\"q_circle_inner\"><span class=\"q_circle_inner2\" style=\"\"><img itemprop=\"image\" class=\"q_image_in_circle\" src=\"https:\/\/fideslogistics.com\/wp-content\/uploads\/2025\/06\/ucak_tasima.png\" alt=\"\" \/><\/span><\/span><\/a><div class=\"q_circle_text_holder\"><h3 class=\"q_circle_title\" style=\"\">Luftfracht<\/h3><p class=\"q_circle_text\" style=\"\">F\u00fcr zeitkritische Sendungen bieten wir globale Luftfrachtl\u00f6sungen mit hoher Priorit\u00e4t, schnellen Laufzeiten und durchg\u00e4ngiger Sendungsverfolgung.<\/p><\/div><\/li><li class=\"q_circle_outer\"><a itemprop=\"url\" href=\"https:\/\/fideslogistics.com\/de\/seefracht\/\" target=\"_self\"><span class=\"q_circle_inner\"><span class=\"q_circle_inner2\" style=\"\"><img itemprop=\"image\" class=\"q_image_in_circle\" src=\"https:\/\/fideslogistics.com\/wp-content\/uploads\/2025\/06\/denizyolu_1.png\" alt=\"\" \/><\/span><\/span><\/a><div class=\"q_circle_text_holder\"><h3 class=\"q_circle_title\" style=\"\">Seefracht<\/h3><p class=\"q_circle_text\" style=\"\">Effiziente Seefracht f\u00fcr Ihren globalen Warenverkehr \u2013 von FCL \u00fcber LCL bis hin zu ma\u00dfgeschneiderten Spezialcontainer-L\u00f6sungen.\n\n<\/p><\/div><\/li>\n        <\/ul>\n\n        \t\t<\/div>\n\t\t\t\t<\/div>\n\t\t\t\t<div class=\"elementor-element elementor-element-4953f3e elementor-widget elementor-widget-bridge_circles\" data-id=\"4953f3e\" data-element_type=\"widget\" data-widget_type=\"bridge_circles.default\">\n\t\t\t\t<div class=\"elementor-widget-container\">\n\t\t\t\n        <ul class=\"q_circles_holder four_columns no_line\" >\n\n            <li class=\"q_circle_outer\"><a itemprop=\"url\" href=\"https:\/\/fideslogistics.com\/de\/temperaturgefuehrte\/\" target=\"_self\"><span class=\"q_circle_inner\"><span class=\"q_circle_inner2\" style=\"\"><img itemprop=\"image\" class=\"q_image_in_circle\" src=\"https:\/\/fideslogistics.com\/wp-content\/uploads\/2025\/06\/isikontrollutasmi.png\" alt=\"\" \/><\/span><\/span><\/a><div class=\"q_circle_text_holder\"><h3 class=\"q_circle_title\" style=\"\">Temperaturgef\u00fchrte Transporte<\/h3><p class=\"q_circle_text\" style=\"\">Wir bieten Ihnen individuelle Logistikl\u00f6sungen f\u00fcr temperaturgef\u00fchrte Lieferungen.<\/p><\/div><\/li><li class=\"q_circle_outer\"><a itemprop=\"url\" href=\"https:\/\/fideslogistics.com\/de\/projekt-und-spezialtransporte\/\" target=\"_self\"><span class=\"q_circle_inner\"><span class=\"q_circle_inner2\" style=\"\"><img itemprop=\"image\" class=\"q_image_in_circle\" src=\"https:\/\/fideslogistics.com\/wp-content\/uploads\/2025\/06\/fides-gmbh-proje-tasimaciligi.jpg\" alt=\"\" \/><\/span><\/span><\/a><div class=\"q_circle_text_holder\"><h3 class=\"q_circle_title\" style=\"\">Projekt- und Spezialtransporte<\/h3><p class=\"q_circle_text\" style=\"\">Wir erarbeiten L\u00f6sungen f\u00fcr den sicheren und zuverl\u00e4ssigen Transport von schweren und \u00dcbergro\u00dfen Lasten. Bei der individuellen Planung und Umsetzung stehen wir Ihnen bereits lange vor der Abholung bis weit \u00fcber die Zollabwicklung zur Seite.<\/p><\/div><\/li><li class=\"q_circle_outer\"><a itemprop=\"url\" href=\"https:\/\/fideslogistics.com\/de\/nationale-transporte\/\" target=\"_self\"><span class=\"q_circle_inner\"><span class=\"q_circle_inner2\" style=\"\"><img itemprop=\"image\" class=\"q_image_in_circle\" src=\"https:\/\/fideslogistics.com\/wp-content\/uploads\/2025\/06\/kare_gorsel_3.png\" alt=\"\" \/><\/span><\/span><\/a><div class=\"q_circle_text_holder\"><h3 class=\"q_circle_title\" style=\"\">Nationale Transporte<\/h3><p class=\"q_circle_text\" style=\"\">Systemverkehre \u2013 Hand in Hand zum Ziel. Erg\u00e4nzend zu unserem Regionalverkehr verf\u00fcgen wir \u00fcber ein bundesweit fl\u00e4chendeckendes Netzwerk durch unsere Systemkooperation.\n\n<\/p><\/div><\/li><li class=\"q_circle_outer\"><a itemprop=\"url\" href=\"https:\/\/fideslogistics.com\/de\/intermodaler-transport\/\" target=\"_self\"><span class=\"q_circle_inner\"><span class=\"q_circle_inner2\" style=\"\"><img itemprop=\"image\" class=\"q_image_in_circle\" src=\"https:\/\/fideslogistics.com\/wp-content\/uploads\/2025\/06\/fides-gmbh-intermodal-tasimacilik.jpg\" alt=\"\" \/><\/span><\/span><\/a><div class=\"q_circle_text_holder\"><h3 class=\"q_circle_title\" style=\"\">Intermodaler Transport<\/h3><p class=\"q_circle_text\" style=\"\">Umweltschonend \u2013 Effektiv \u2013 Preiswert\nAls Fides Logistics GmbH erm\u00f6glichen wir Ihnen mit unseren intermodalen Transportl\u00f6sungen die Kostenkontrolle. <\/p><\/div><\/li>\n        <\/ul>\n\n        \t\t<\/div>\n\t\t\t\t<\/div>\n\t\t\t\t\t<\/div>\n\t\t<\/div>\n\t\t\t\t\t\t\t<\/div>\n\t\t<\/section>\n\t\t\t\t<section class=\"elementor-section elementor-top-section elementor-element elementor-element-7cb8cd24 elementor-section-boxed elementor-section-height-default elementor-section-height-default parallax_section_no qode_elementor_container_no\" data-id=\"7cb8cd24\" data-element_type=\"section\">\n\t\t\t\t\t\t<div class=\"elementor-container elementor-column-gap-default\">\n\t\t\t\t\t<div class=\"elementor-column elementor-col-100 elementor-top-column elementor-element elementor-element-36f8141\" data-id=\"36f8141\" data-element_type=\"column\">\n\t\t\t<div class=\"elementor-widget-wrap\">\n\t\t\t\t\t\t\t\t\t<\/div>\n\t\t<\/div>\n\t\t\t\t\t\t\t<\/div>\n\t\t<\/section>\n\t\t\t\t\t\t\t<\/div>\n\t\t","protected":false},"excerpt":{"rendered":"<p>Landverkehre Wir bieten zuverl\u00e4ssige und flexible L\u00f6sungen f\u00fcr nationale und internationale Stra\u00dfentransporte \u2013 ob Teil- oder Komplettladungen. Lagerung Wir bieten Lagerl\u00f6sungen im In- und Ausland \u2013 f\u00fcr alle Branchen, in offenen und zollgebundenen Lagern sowie Logistikzentren. Luftfracht F\u00fcr zeitkritische Sendungen bieten wir globale Luftfrachtl\u00f6sungen mit&#8230;<\/p>\n","protected":false},"author":1,"featured_media":1313,"parent":0,"menu_order":0,"comment_status":"closed","ping_status":"closed","template":"full_width.php","meta":[],"_links":{"self":[{"href":"https:\/\/fideslogistics.com\/de\/wp-json\/wp\/v2\/pages\/234"}],"collection":[{"href":"https:\/\/fideslogistics.com\/de\/wp-json\/wp\/v2\/pages"}],"about":[{"href":"https:\/\/fideslogistics.com\/de\/wp-json\/wp\/v2\/types\/page"}],"author":[{"embeddable":true,"href":"https:\/\/fideslogistics.com\/de\/wp-json\/wp\/v2\/users\/1"}],"replies":[{"embeddable":true,"href":"https:\/\/fideslogistics.com\/de\/wp-json\/wp\/v2\/comments?post=234"}],"version-history":[{"count":56,"href":"https:\/\/fideslogistics.com\/de\/wp-json\/wp\/v2\/pages\/234\/revisions"}],"predecessor-version":[{"id":1830,"href":"https:\/\/fideslogistics.com\/de\/wp-json\/wp\/v2\/pages\/234\/revisions\/1830"}],"wp:featuredmedia":[{"embeddable":true,"href":"https:\/\/fideslogistics.com\/de\/wp-json\/wp\/v2\/media\/1313"}],"wp:attachment":[{"href":"https:\/\/fideslogistics.com\/de\/wp-json\/wp\/v2\/media?parent=234"}],"curies":[{"name":"wp","href":"https:\/\/api.w.org\/{rel}","templated":true}]}}