{"id":405,"date":"2021-05-29T15:21:30","date_gmt":"2021-05-29T12:21:30","guid":{"rendered":"https:\/\/fideslogistics.com\/?page_id=405"},"modified":"2022-10-17T09:24:49","modified_gmt":"2022-10-17T06:24:49","slug":"baskanin-mesaji","status":"publish","type":"page","link":"https:\/\/fideslogistics.com\/de\/baskanin-mesaji\/","title":{"rendered":"Botschaft des Pr\u00e4sidenten"},"content":{"rendered":"<div      class=\"vc_row wpb_row section vc_row-fluid  vc_custom_1477991052204 grid_section\" style=' text-align:left;'><div class=\" section_inner clearfix\"><div class='section_inner_margin clearfix'><div class=\"wpb_column vc_column_container vc_col-sm-12 vc_col-lg-6 vc_col-md-6\"><div class=\"vc_column-inner\"><div class=\"wpb_wrapper\">\t<div class=\"vc_empty_space\"  style=\"height: 18px\" ><span\n\t\t\tclass=\"vc_empty_space_inner\">\n\t\t\t<span class=\"empty_space_image\"  ><\/span>\n\t\t<\/span><\/div>\n\n\n\t<div class=\"wpb_text_column wpb_content_element \">\n\t\t<div class=\"wpb_wrapper\">\n\t\t\t<p>Sehr geehrte Gesch\u00e4ftspartner, liebe Mitarbeiter und Freunde,<br \/>\nDie Logistik geh\u00f6rt zu den kritischsten Branchen der Welt. Die Verantwortung die es \u00fcbernimmt ist von gro\u00dfer Bedeutung f\u00fcr das reibungslose funktionieren des Wertsch\u00f6pfungsprozesses.<\/p>\n<p>&nbsp;<\/p>\n<p>Als Fides Logistics GmbH haben wir es uns zum Ziel gesetzt diesen Lieferprozess in Deutschland,<br \/>\nEuropa und Weltweit richtig zu steuern. Unsere Professionalit\u00e4t bietet Ihrem Unternehmen einen Mehrwert.<\/p>\n<p>&nbsp;<\/p>\n<p>Unseren Kunden und Gesch\u00e4ftspartnern stehen wir mit speziellen L\u00f6sungen stets zur Seite.<\/p>\n<p>&nbsp;<\/p>\n<p>Dank unserer Leidenschaft zur Logistik sind wir wie am ersten Tag mit Begeisterung f\u00fcr Sie da. Unsere professionellen Mitarbeiter und unser weltweites Partnernetzwerk sind das Fundament unserer Servicekultur. Sie gew\u00e4hrleisten qualitativ hochwertige L\u00f6sungen vom Sammelgut bis hin zu kompletten Ladeeinheiten zu fairen Konditionen.<\/p>\n<p>&nbsp;<\/p>\n<p>Die Zufriedenheit unserer Kunden und das Wohl unserer Mitarbeiter besitzen f\u00fcr uns oberste Priorit\u00e4t. Nur so k\u00f6nnen wir unser Unternehmen weiterentwickeln und die Arbeitspl\u00e4tze sichern.<\/p>\n<p>&nbsp;<\/p>\n<p>Unser eigenes Vorw\u00e4rtskommen darf aber nicht zu Lasten einer intakten Umwelt gehen, deshalb steht deren Schutz bei uns hoch im Kurs.<br \/>\nUnser oberstes Ziel ist es, durch die stetige Verbesserung unseres Service und T\u00e4tigkeitsbereiches sowie unserer Loyalit\u00e4t zu berufsethischen Regeln einen maximalen Beitrag f\u00fcr unsere Branche zuleisten.<br \/>\nRafet Uyan\u0131k \u2013 Vorstandsvorsitzender<\/p>\n\n\t\t<\/div> \n\t<\/div> \t<div class=\"vc_empty_space\"  style=\"height: 34px\" ><span\n\t\t\tclass=\"vc_empty_space_inner\">\n\t\t\t<span class=\"empty_space_image\"  ><\/span>\n\t\t<\/span><\/div>\n\n\t<div class=\"vc_empty_space\"  style=\"height: 45px\" ><span\n\t\t\tclass=\"vc_empty_space_inner\">\n\t\t\t<span class=\"empty_space_image\"  ><\/span>\n\t\t<\/span><\/div>\n\n<\/div><\/div><\/div><div class=\"wpb_column vc_column_container vc_col-sm-12 vc_col-lg-6 vc_col-md-6\"><div class=\"vc_column-inner\"><div class=\"wpb_wrapper\">\t<div class=\"vc_empty_space\"  style=\"height: 8px\" ><span\n\t\t\tclass=\"vc_empty_space_inner\">\n\t\t\t<span class=\"empty_space_image\"  ><\/span>\n\t\t<\/span><\/div>\n\n\n\t<div class=\"wpb_single_image wpb_content_element vc_align_left\">\n\t\t<div class=\"wpb_wrapper\">\n\t\t\t\n\t\t\t<div class=\"vc_single_image-wrapper vc_box_circle  vc_box_border_grey\"><img class=\"vc_single_image-img \" src=\"https:\/\/fideslogistics.com\/wp-content\/uploads\/2021\/07\/rafet-uyanik-e1537459570211-792x792.png\" width=\"792\" height=\"792\" alt=\"rafet-uyanik-e1537459570211\" title=\"rafet-uyanik-e1537459570211\" \/><\/div>\n\t\t<\/div>\n\t<\/div>\n\t<div class=\"vc_empty_space\"  style=\"height: 45px\" ><span\n\t\t\tclass=\"vc_empty_space_inner\">\n\t\t\t<span class=\"empty_space_image\"  ><\/span>\n\t\t<\/span><\/div>\n\n<\/div><\/div><\/div><\/div><\/div><\/div>\n","protected":false},"excerpt":{"rendered":"Sehr geehrte Gesch\u00e4ftspartner, liebe Mitarbeiter und Freunde, Die Logistik geh\u00f6rt zu den kritischsten Branchen der Welt. Die Verantwortung die es \u00fcbernimmt ist von gro\u00dfer Bedeutung f\u00fcr das reibungslose funktionieren des Wertsch\u00f6pfungsprozesses. &nbsp; Als Fides Logistics GmbH haben wir es uns zum Ziel gesetzt diesen Lieferprozess...","protected":false},"author":1,"featured_media":0,"parent":0,"menu_order":0,"comment_status":"closed","ping_status":"closed","template":"full_width.php","meta":[],"_links":{"self":[{"href":"https:\/\/fideslogistics.com\/de\/wp-json\/wp\/v2\/pages\/405"}],"collection":[{"href":"https:\/\/fideslogistics.com\/de\/wp-json\/wp\/v2\/pages"}],"about":[{"href":"https:\/\/fideslogistics.com\/de\/wp-json\/wp\/v2\/types\/page"}],"author":[{"embeddable":true,"href":"https:\/\/fideslogistics.com\/de\/wp-json\/wp\/v2\/users\/1"}],"replies":[{"embeddable":true,"href":"https:\/\/fideslogistics.com\/de\/wp-json\/wp\/v2\/comments?post=405"}],"version-history":[{"count":18,"href":"https:\/\/fideslogistics.com\/de\/wp-json\/wp\/v2\/pages\/405\/revisions"}],"predecessor-version":[{"id":970,"href":"https:\/\/fideslogistics.com\/de\/wp-json\/wp\/v2\/pages\/405\/revisions\/970"}],"wp:attachment":[{"href":"https:\/\/fideslogistics.com\/de\/wp-json\/wp\/v2\/media?parent=405"}],"curies":[{"name":"wp","href":"https:\/\/api.w.org\/{rel}","templated":true}]}}