{"id":407,"date":"2021-05-29T15:21:51","date_gmt":"2021-05-29T12:21:51","guid":{"rendered":"https:\/\/fideslogistics.com\/?page_id=407"},"modified":"2022-10-17T09:43:12","modified_gmt":"2022-10-17T06:43:12","slug":"felsefemiz","status":"publish","type":"page","link":"https:\/\/fideslogistics.com\/de\/felsefemiz\/","title":{"rendered":"Unsere Philosophie"},"content":{"rendered":"<div      class=\"vc_row wpb_row section vc_row-fluid  vc_custom_1477930468034 grid_section\" style=' text-align:left;'><div class=\" section_inner clearfix\"><div class='section_inner_margin clearfix'><div class=\"wpb_column vc_column_container vc_col-sm-12 vc_col-lg-6 vc_col-md-6\"><div class=\"vc_column-inner\"><div class=\"wpb_wrapper\">\t<div class=\"vc_empty_space\"  style=\"height: 8px\" ><span\n\t\t\tclass=\"vc_empty_space_inner\">\n\t\t\t<span class=\"empty_space_image\"  ><\/span>\n\t\t<\/span><\/div>\n\n\n\t<div class=\"wpb_single_image wpb_content_element vc_align_left\">\n\t\t<div class=\"wpb_wrapper\">\n\t\t\t\n\t\t\t<div class=\"vc_single_image-wrapper   vc_box_border_grey\"><img width=\"634\" height=\"289\" src=\"https:\/\/fideslogistics.com\/wp-content\/uploads\/2016\/10\/about-3.jpg\" class=\"vc_single_image-img attachment-full\" alt=\"a\" loading=\"lazy\" srcset=\"https:\/\/fideslogistics.com\/wp-content\/uploads\/2016\/10\/about-3.jpg 634w, https:\/\/fideslogistics.com\/wp-content\/uploads\/2016\/10\/about-3-300x137.jpg 300w\" sizes=\"(max-width: 634px) 100vw, 634px\" \/><\/div>\n\t\t<\/div>\n\t<\/div>\n\t<div class=\"vc_empty_space\"  style=\"height: 45px\" ><span\n\t\t\tclass=\"vc_empty_space_inner\">\n\t\t\t<span class=\"empty_space_image\"  ><\/span>\n\t\t<\/span><\/div>\n\n<\/div><\/div><\/div><div class=\"wpb_column vc_column_container vc_col-sm-12 vc_col-lg-6 vc_col-md-6\"><div class=\"vc_column-inner\"><div class=\"wpb_wrapper\">\n\t<div class=\"wpb_text_column wpb_content_element \">\n\t\t<div class=\"wpb_wrapper\">\n\t\t\t<p>\nKompetenz in Perfektion! Wir wollen die produktionsstarken Unternehmen in Deutschland mit unserer Logistikkraft weiterbringen und Ihre Wettbewerbsf\u00e4higkeit auf dem internationalen Markt steigern.<\/p>\n\n\t\t<\/div> \n\t<\/div> \t<div class=\"vc_empty_space\"  style=\"height: 14px\" ><span\n\t\t\tclass=\"vc_empty_space_inner\">\n\t\t\t<span class=\"empty_space_image\"  ><\/span>\n\t\t<\/span><\/div>\n\n\n\t<div class=\"wpb_text_column wpb_content_element \">\n\t\t<div class=\"wpb_wrapper\">\n\t\t\t<p>Ethisches und soziales Verantwortungsbewusstsein regeln unser Handeln f\u00fcr gl\u00fcckliche Kunden, eine saubere Umwelt, nachhaltige L\u00f6sungen und innovative Ans\u00e4tze.<\/p>\n\n\t\t<\/div> \n\t<\/div> \t<div class=\"vc_empty_space\"  style=\"height: 14px\" ><span\n\t\t\tclass=\"vc_empty_space_inner\">\n\t\t\t<span class=\"empty_space_image\"  ><\/span>\n\t\t<\/span><\/div>\n\n\n\t<div class=\"wpb_text_column wpb_content_element \">\n\t\t<div class=\"wpb_wrapper\">\n\t\t\t<p>Qualit\u00e4t Unsere Qualit\u00e4tspolitik verpflichtet uns zur stetigen Verbesserung unserer Dienstleistungen: &#8211; Zufriedene Kunden durch besten Service in Kombination mit angemessenen Preisen &#8211; Die Bed\u00fcrfnisse und Erwartungen unsere Kunden nicht nur zu erf\u00fcllen sondern zu \u00fcbertreffen &#8211; Die Zukunft im Blick &#8211; Kontinuierliche Schulungen der Mitarbeiter<\/p>\n\n\t\t<\/div> \n\t<\/div> \t<div class=\"vc_empty_space\"  style=\"height: 45px\" ><span\n\t\t\tclass=\"vc_empty_space_inner\">\n\t\t\t<span class=\"empty_space_image\"  ><\/span>\n\t\t<\/span><\/div>\n\n<\/div><\/div><\/div><\/div><\/div><\/div>\n","protected":false},"excerpt":{"rendered":"Kompetenz in Perfektion! Wir wollen die produktionsstarken Unternehmen in Deutschland mit unserer Logistikkraft weiterbringen und Ihre Wettbewerbsf\u00e4higkeit auf dem internationalen Markt steigern. Ethisches und soziales Verantwortungsbewusstsein regeln unser Handeln f\u00fcr gl\u00fcckliche Kunden, eine saubere Umwelt, nachhaltige L\u00f6sungen und innovative Ans\u00e4tze. Qualit\u00e4t Unsere Qualit\u00e4tspolitik verpflichtet uns...","protected":false},"author":1,"featured_media":0,"parent":0,"menu_order":0,"comment_status":"closed","ping_status":"closed","template":"","meta":[],"_links":{"self":[{"href":"https:\/\/fideslogistics.com\/de\/wp-json\/wp\/v2\/pages\/407"}],"collection":[{"href":"https:\/\/fideslogistics.com\/de\/wp-json\/wp\/v2\/pages"}],"about":[{"href":"https:\/\/fideslogistics.com\/de\/wp-json\/wp\/v2\/types\/page"}],"author":[{"embeddable":true,"href":"https:\/\/fideslogistics.com\/de\/wp-json\/wp\/v2\/users\/1"}],"replies":[{"embeddable":true,"href":"https:\/\/fideslogistics.com\/de\/wp-json\/wp\/v2\/comments?post=407"}],"version-history":[{"count":4,"href":"https:\/\/fideslogistics.com\/de\/wp-json\/wp\/v2\/pages\/407\/revisions"}],"predecessor-version":[{"id":976,"href":"https:\/\/fideslogistics.com\/de\/wp-json\/wp\/v2\/pages\/407\/revisions\/976"}],"wp:attachment":[{"href":"https:\/\/fideslogistics.com\/de\/wp-json\/wp\/v2\/media?parent=407"}],"curies":[{"name":"wp","href":"https:\/\/api.w.org\/{rel}","templated":true}]}}