{"id":528,"date":"2021-07-02T19:25:41","date_gmt":"2021-07-02T16:25:41","guid":{"rendered":"https:\/\/fideslogistics.com\/?page_id=528"},"modified":"2025-06-28T17:25:21","modified_gmt":"2025-06-28T14:25:21","slug":"landverkehre","status":"publish","type":"page","link":"https:\/\/fideslogistics.com\/de\/landverkehre\/","title":{"rendered":"Landverkehre"},"content":{"rendered":"\t\t<div data-elementor-type=\"wp-page\" data-elementor-id=\"528\" class=\"elementor elementor-528\">\n\t\t\t\t\t\t\t\t\t<section class=\"elementor-section elementor-top-section elementor-element elementor-element-a06310a elementor-section-boxed elementor-section-height-default elementor-section-height-default parallax_section_no qode_elementor_container_no\" data-id=\"a06310a\" data-element_type=\"section\">\n\t\t\t\t\t\t<div class=\"elementor-container elementor-column-gap-default\">\n\t\t\t\t\t<div class=\"elementor-column elementor-col-50 elementor-top-column elementor-element elementor-element-9306cc3\" data-id=\"9306cc3\" data-element_type=\"column\">\n\t\t\t<div class=\"elementor-widget-wrap elementor-element-populated\">\n\t\t\t\t\t\t\t\t<div class=\"elementor-element elementor-element-b445bfc elementor-widget elementor-widget-image\" data-id=\"b445bfc\" data-element_type=\"widget\" data-widget_type=\"image.default\">\n\t\t\t\t<div class=\"elementor-widget-container\">\n\t\t\t\t\t\t\t\t\t\t\t\t\t\t\t<img width=\"1024\" height=\"614\" src=\"https:\/\/fideslogistics.com\/wp-content\/uploads\/2025\/05\/karayolutas-1024x614.jpg\" class=\"attachment-large size-large\" alt=\"\" loading=\"lazy\" srcset=\"https:\/\/fideslogistics.com\/wp-content\/uploads\/2025\/05\/karayolutas-1024x614.jpg 1024w, https:\/\/fideslogistics.com\/wp-content\/uploads\/2025\/05\/karayolutas-300x180.jpg 300w, https:\/\/fideslogistics.com\/wp-content\/uploads\/2025\/05\/karayolutas-768x461.jpg 768w, https:\/\/fideslogistics.com\/wp-content\/uploads\/2025\/05\/karayolutas-1536x922.jpg 1536w, https:\/\/fideslogistics.com\/wp-content\/uploads\/2025\/05\/karayolutas-18x12.jpg 18w, https:\/\/fideslogistics.com\/wp-content\/uploads\/2025\/05\/karayolutas-700x420.jpg 700w, https:\/\/fideslogistics.com\/wp-content\/uploads\/2025\/05\/karayolutas.jpg 1920w\" sizes=\"(max-width: 1024px) 100vw, 1024px\" \/>\t\t\t\t\t\t\t\t\t\t\t\t\t\t\t<\/div>\n\t\t\t\t<\/div>\n\t\t\t\t\t<\/div>\n\t\t<\/div>\n\t\t\t\t<div class=\"elementor-column elementor-col-50 elementor-top-column elementor-element elementor-element-7655f48\" data-id=\"7655f48\" data-element_type=\"column\">\n\t\t\t<div class=\"elementor-widget-wrap elementor-element-populated\">\n\t\t\t\t\t\t\t\t<div class=\"elementor-element elementor-element-2e01e2d elementor-widget elementor-widget-text-editor\" data-id=\"2e01e2d\" data-element_type=\"widget\" data-widget_type=\"text-editor.default\">\n\t\t\t\t<div class=\"elementor-widget-container\">\n\t\t\t\t\t\t\t<h1><strong>Landverkehre<\/strong><\/h1><p>\u00a0<\/p><p>Transporte nach S\u00fcd, West, Nord und Ost!<br \/>Die Fides Logistics GmbH verf\u00fcgt \u00fcber ein europaweites Systemnetzwerk. Unsere Fahrzeuge gew\u00e4hrleisten k\u00fcrzeste Laufzeiten und erlauben uns, Ihnen g\u00fcnstige Konditionen zu offerieren. F\u00fcr Sammelgut bis hin zu Komplettladungen.<\/p><p>Zollabwicklungen und Zolldokumentenerstellung im Import und Export durch unsere weltweit agierenden Zollb\u00fcros.<\/p>\t\t\t\t\t\t<\/div>\n\t\t\t\t<\/div>\n\t\t\t\t\t<\/div>\n\t\t<\/div>\n\t\t\t\t\t\t\t<\/div>\n\t\t<\/section>\n\t\t\t\t<section class=\"elementor-section elementor-top-section elementor-element elementor-element-869e462 elementor-section-boxed elementor-section-height-default elementor-section-height-default parallax_section_no qode_elementor_container_no\" data-id=\"869e462\" data-element_type=\"section\">\n\t\t\t\t\t\t<div class=\"elementor-container elementor-column-gap-default\">\n\t\t\t\t\t<div class=\"elementor-column elementor-col-100 elementor-top-column elementor-element elementor-element-f3b73d0\" data-id=\"f3b73d0\" data-element_type=\"column\">\n\t\t\t<div class=\"elementor-widget-wrap elementor-element-populated\">\n\t\t\t\t\t\t\t\t<div class=\"elementor-element elementor-element-064b60e elementor-widget elementor-widget-spacer\" data-id=\"064b60e\" data-element_type=\"widget\" data-widget_type=\"spacer.default\">\n\t\t\t\t<div class=\"elementor-widget-container\">\n\t\t\t\t\t<div class=\"elementor-spacer\">\n\t\t\t<div class=\"elementor-spacer-inner\"><\/div>\n\t\t<\/div>\n\t\t\t\t<\/div>\n\t\t\t\t<\/div>\n\t\t\t\t\t<\/div>\n\t\t<\/div>\n\t\t\t\t\t\t\t<\/div>\n\t\t<\/section>\n\t\t\t\t\t\t\t<\/div>\n\t\t","protected":false},"excerpt":{"rendered":"<p>Landverkehre \u00a0 Transporte nach S\u00fcd, West, Nord und Ost!Die Fides Logistics GmbH verf\u00fcgt \u00fcber ein europaweites Systemnetzwerk. Unsere Fahrzeuge gew\u00e4hrleisten k\u00fcrzeste Laufzeiten und erlauben uns, Ihnen g\u00fcnstige Konditionen zu offerieren. F\u00fcr Sammelgut bis hin zu Komplettladungen. Zollabwicklungen und Zolldokumentenerstellung im Import und Export durch unsere&#8230;<\/p>\n","protected":false},"author":1,"featured_media":0,"parent":0,"menu_order":0,"comment_status":"closed","ping_status":"closed","template":"","meta":[],"_links":{"self":[{"href":"https:\/\/fideslogistics.com\/de\/wp-json\/wp\/v2\/pages\/528"}],"collection":[{"href":"https:\/\/fideslogistics.com\/de\/wp-json\/wp\/v2\/pages"}],"about":[{"href":"https:\/\/fideslogistics.com\/de\/wp-json\/wp\/v2\/types\/page"}],"author":[{"embeddable":true,"href":"https:\/\/fideslogistics.com\/de\/wp-json\/wp\/v2\/users\/1"}],"replies":[{"embeddable":true,"href":"https:\/\/fideslogistics.com\/de\/wp-json\/wp\/v2\/comments?post=528"}],"version-history":[{"count":23,"href":"https:\/\/fideslogistics.com\/de\/wp-json\/wp\/v2\/pages\/528\/revisions"}],"predecessor-version":[{"id":1809,"href":"https:\/\/fideslogistics.com\/de\/wp-json\/wp\/v2\/pages\/528\/revisions\/1809"}],"wp:attachment":[{"href":"https:\/\/fideslogistics.com\/de\/wp-json\/wp\/v2\/media?parent=528"}],"curies":[{"name":"wp","href":"https:\/\/api.w.org\/{rel}","templated":true}]}}