{"id":534,"date":"2021-07-02T19:26:39","date_gmt":"2021-07-02T16:26:39","guid":{"rendered":"https:\/\/fideslogistics.com\/?page_id=534"},"modified":"2025-06-26T18:29:56","modified_gmt":"2025-06-26T15:29:56","slug":"projekt-und-spezialtransporte","status":"publish","type":"page","link":"https:\/\/fideslogistics.com\/de\/projekt-und-spezialtransporte\/","title":{"rendered":"Projekt- und Spezialtransporte"},"content":{"rendered":"\t\t<div data-elementor-type=\"wp-page\" data-elementor-id=\"534\" class=\"elementor elementor-534\">\n\t\t\t\t\t\t\t\t\t<section class=\"elementor-section elementor-top-section elementor-element elementor-element-4f9edd5 elementor-section-boxed elementor-section-height-default elementor-section-height-default parallax_section_no qode_elementor_container_no\" data-id=\"4f9edd5\" data-element_type=\"section\">\n\t\t\t\t\t\t<div class=\"elementor-container elementor-column-gap-default\">\n\t\t\t\t\t<div class=\"elementor-column elementor-col-50 elementor-top-column elementor-element elementor-element-d6df021\" data-id=\"d6df021\" data-element_type=\"column\">\n\t\t\t<div class=\"elementor-widget-wrap elementor-element-populated\">\n\t\t\t\t\t\t\t\t<div class=\"elementor-element elementor-element-410a29b elementor-widget elementor-widget-image\" data-id=\"410a29b\" data-element_type=\"widget\" data-widget_type=\"image.default\">\n\t\t\t\t<div class=\"elementor-widget-container\">\n\t\t\t\t\t\t\t\t\t\t\t\t\t\t\t<img width=\"500\" height=\"375\" src=\"https:\/\/fideslogistics.com\/wp-content\/uploads\/2021\/07\/fides-gmbh-proje-tasimaciligi.jpg\" class=\"attachment-large size-large\" alt=\"\" loading=\"lazy\" srcset=\"https:\/\/fideslogistics.com\/wp-content\/uploads\/2021\/07\/fides-gmbh-proje-tasimaciligi.jpg 500w, https:\/\/fideslogistics.com\/wp-content\/uploads\/2021\/07\/fides-gmbh-proje-tasimaciligi-300x225.jpg 300w\" sizes=\"(max-width: 500px) 100vw, 500px\" \/>\t\t\t\t\t\t\t\t\t\t\t\t\t\t\t<\/div>\n\t\t\t\t<\/div>\n\t\t\t\t\t<\/div>\n\t\t<\/div>\n\t\t\t\t<div class=\"elementor-column elementor-col-50 elementor-top-column elementor-element elementor-element-a91f827\" data-id=\"a91f827\" data-element_type=\"column\">\n\t\t\t<div class=\"elementor-widget-wrap elementor-element-populated\">\n\t\t\t\t\t\t\t\t<div class=\"elementor-element elementor-element-ae010c8 elementor-widget elementor-widget-text-editor\" data-id=\"ae010c8\" data-element_type=\"widget\" data-widget_type=\"text-editor.default\">\n\t\t\t\t<div class=\"elementor-widget-container\">\n\t\t\t\t\t\t\t<h1>Projekt- und Spezialtransporte<\/h1><p>Wir erarbeiten L\u00f6sungen f\u00fcr den sicheren und zuverl\u00e4ssigen Transport von schweren und \u00dcbergro\u00dfen Lasten. Bei der individuellen Planung und Umsetzung stehen wir Ihnen bereits lange vor der Abholung bis weit \u00fcber die Zollabwicklung zur Seite.<\/p><p>Die Einhaltung l\u00e4nderspezifischer Vorschriften steht an oberster Priorit\u00e4t.<\/p><p>\u00a0<\/p><p><u>Wir beraten Sie gerne zu folgenden Leistungen:<\/u><\/p><ul><li>Beratung bei der Auswahl der Incoterms f\u00fcr den Handelsvertrag mit Ihrem Kunden<\/li><li>Auswahl der optimalen und kosteng\u00fcnstigsten Fahrzeugart<\/li><li>Einholung der Sonder- bzw. Einzelgenehmigungen ggfs. mit Streckenpr\u00fcfung<\/li><li>Besorgung von Begleitfahrzeugen oder Polizeibegleitungen<\/li><li>Erledigung der Eingangszollabfertigung im Empfangsland<\/li><li>Entladung und Einbringung bei Ihrem Kunden, Kranentladung<\/li><\/ul>\t\t\t\t\t\t<\/div>\n\t\t\t\t<\/div>\n\t\t\t\t\t<\/div>\n\t\t<\/div>\n\t\t\t\t\t\t\t<\/div>\n\t\t<\/section>\n\t\t\t\t<section class=\"elementor-section elementor-top-section elementor-element elementor-element-10a86cc elementor-section-boxed elementor-section-height-default elementor-section-height-default parallax_section_no qode_elementor_container_no\" data-id=\"10a86cc\" data-element_type=\"section\">\n\t\t\t\t\t\t<div class=\"elementor-container elementor-column-gap-default\">\n\t\t\t\t\t<div class=\"elementor-column elementor-col-100 elementor-top-column elementor-element elementor-element-ebbadb3\" data-id=\"ebbadb3\" data-element_type=\"column\">\n\t\t\t<div class=\"elementor-widget-wrap elementor-element-populated\">\n\t\t\t\t\t\t\t\t<div class=\"elementor-element elementor-element-dc64324 elementor-widget elementor-widget-spacer\" data-id=\"dc64324\" data-element_type=\"widget\" data-widget_type=\"spacer.default\">\n\t\t\t\t<div class=\"elementor-widget-container\">\n\t\t\t\t\t<div class=\"elementor-spacer\">\n\t\t\t<div class=\"elementor-spacer-inner\"><\/div>\n\t\t<\/div>\n\t\t\t\t<\/div>\n\t\t\t\t<\/div>\n\t\t\t\t\t<\/div>\n\t\t<\/div>\n\t\t\t\t\t\t\t<\/div>\n\t\t<\/section>\n\t\t\t\t\t\t\t<\/div>\n\t\t","protected":false},"excerpt":{"rendered":"<p>Projekt- und Spezialtransporte Wir erarbeiten L\u00f6sungen f\u00fcr den sicheren und zuverl\u00e4ssigen Transport von schweren und \u00dcbergro\u00dfen Lasten. Bei der individuellen Planung und Umsetzung stehen wir Ihnen bereits lange vor der Abholung bis weit \u00fcber die Zollabwicklung zur Seite. Die Einhaltung l\u00e4nderspezifischer Vorschriften steht an oberster&#8230;<\/p>\n","protected":false},"author":1,"featured_media":0,"parent":0,"menu_order":0,"comment_status":"closed","ping_status":"closed","template":"","meta":[],"_links":{"self":[{"href":"https:\/\/fideslogistics.com\/de\/wp-json\/wp\/v2\/pages\/534"}],"collection":[{"href":"https:\/\/fideslogistics.com\/de\/wp-json\/wp\/v2\/pages"}],"about":[{"href":"https:\/\/fideslogistics.com\/de\/wp-json\/wp\/v2\/types\/page"}],"author":[{"embeddable":true,"href":"https:\/\/fideslogistics.com\/de\/wp-json\/wp\/v2\/users\/1"}],"replies":[{"embeddable":true,"href":"https:\/\/fideslogistics.com\/de\/wp-json\/wp\/v2\/comments?post=534"}],"version-history":[{"count":20,"href":"https:\/\/fideslogistics.com\/de\/wp-json\/wp\/v2\/pages\/534\/revisions"}],"predecessor-version":[{"id":1671,"href":"https:\/\/fideslogistics.com\/de\/wp-json\/wp\/v2\/pages\/534\/revisions\/1671"}],"wp:attachment":[{"href":"https:\/\/fideslogistics.com\/de\/wp-json\/wp\/v2\/media?parent=534"}],"curies":[{"name":"wp","href":"https:\/\/api.w.org\/{rel}","templated":true}]}}