{"id":536,"date":"2021-07-02T19:27:46","date_gmt":"2021-07-02T16:27:46","guid":{"rendered":"https:\/\/fideslogistics.com\/?page_id=536"},"modified":"2025-06-28T17:26:51","modified_gmt":"2025-06-28T14:26:51","slug":"seefracht","status":"publish","type":"page","link":"https:\/\/fideslogistics.com\/de\/seefracht\/","title":{"rendered":"Seefracht"},"content":{"rendered":"\t\t<div data-elementor-type=\"wp-page\" data-elementor-id=\"536\" class=\"elementor elementor-536\">\n\t\t\t\t\t\t\t\t\t<section class=\"elementor-section elementor-top-section elementor-element elementor-element-0647208 elementor-section-boxed elementor-section-height-default elementor-section-height-default parallax_section_no qode_elementor_container_no\" data-id=\"0647208\" data-element_type=\"section\">\n\t\t\t\t\t\t<div class=\"elementor-container elementor-column-gap-default\">\n\t\t\t\t\t<div class=\"elementor-column elementor-col-50 elementor-top-column elementor-element elementor-element-9c4de9c\" data-id=\"9c4de9c\" data-element_type=\"column\">\n\t\t\t<div class=\"elementor-widget-wrap elementor-element-populated\">\n\t\t\t\t\t\t\t\t<div class=\"elementor-element elementor-element-5062219 elementor-widget elementor-widget-image\" data-id=\"5062219\" data-element_type=\"widget\" data-widget_type=\"image.default\">\n\t\t\t\t<div class=\"elementor-widget-container\">\n\t\t\t\t\t\t\t\t\t\t\t\t\t\t\t<img width=\"1024\" height=\"614\" src=\"https:\/\/fideslogistics.com\/wp-content\/uploads\/2025\/05\/denizyolu-1024x614.png\" class=\"attachment-large size-large\" alt=\"\" loading=\"lazy\" srcset=\"https:\/\/fideslogistics.com\/wp-content\/uploads\/2025\/05\/denizyolu-1024x614.png 1024w, https:\/\/fideslogistics.com\/wp-content\/uploads\/2025\/05\/denizyolu-300x180.png 300w, https:\/\/fideslogistics.com\/wp-content\/uploads\/2025\/05\/denizyolu-768x461.png 768w, https:\/\/fideslogistics.com\/wp-content\/uploads\/2025\/05\/denizyolu-1536x922.png 1536w, https:\/\/fideslogistics.com\/wp-content\/uploads\/2025\/05\/denizyolu-18x12.png 18w, https:\/\/fideslogistics.com\/wp-content\/uploads\/2025\/05\/denizyolu-700x420.png 700w, https:\/\/fideslogistics.com\/wp-content\/uploads\/2025\/05\/denizyolu.png 1920w\" sizes=\"(max-width: 1024px) 100vw, 1024px\" \/>\t\t\t\t\t\t\t\t\t\t\t\t\t\t\t<\/div>\n\t\t\t\t<\/div>\n\t\t\t\t\t<\/div>\n\t\t<\/div>\n\t\t\t\t<div class=\"elementor-column elementor-col-50 elementor-top-column elementor-element elementor-element-962b0eb\" data-id=\"962b0eb\" data-element_type=\"column\">\n\t\t\t<div class=\"elementor-widget-wrap elementor-element-populated\">\n\t\t\t\t\t\t\t\t<div class=\"elementor-element elementor-element-8e45a09 elementor-widget elementor-widget-text-editor\" data-id=\"8e45a09\" data-element_type=\"widget\" data-widget_type=\"text-editor.default\">\n\t\t\t\t<div class=\"elementor-widget-container\">\n\t\t\t\t\t\t\t<h1>Seefracht<\/h1><p>Verl\u00e4sslich und kompetent auf dem Seeweg<br \/>Im Seeverkehr f\u00fchren wir mit unseren WCA- und FIATA-Mitgliedschaften Transporte zu allen H\u00e4fen der Welt durch. Mit unseren wirtschaftsorientierten Angeboten sind Sie einen Schritt voraus.<\/p><p>\u00a0<\/p><p><u>Wir beraten Sie gerne zu folgenden Leistungen:<\/u><\/p><ul><li>LCL &amp; FCL Transporte<br \/>\u2022 ISO-Tank Flexitank Container Transporte<br \/>\u2022 Door to Door Service weltweit<br \/>\u2022 Teil- und Vollcharter<br \/>\u2022 FOB \u2013 Lieferungen<\/li><\/ul>\t\t\t\t\t\t<\/div>\n\t\t\t\t<\/div>\n\t\t\t\t\t<\/div>\n\t\t<\/div>\n\t\t\t\t\t\t\t<\/div>\n\t\t<\/section>\n\t\t\t\t<section class=\"elementor-section elementor-top-section elementor-element elementor-element-bd753ab elementor-section-boxed elementor-section-height-default elementor-section-height-default parallax_section_no qode_elementor_container_no\" data-id=\"bd753ab\" data-element_type=\"section\">\n\t\t\t\t\t\t<div class=\"elementor-container elementor-column-gap-default\">\n\t\t\t\t\t<div class=\"elementor-column elementor-col-100 elementor-top-column elementor-element elementor-element-e5f5c5c\" data-id=\"e5f5c5c\" data-element_type=\"column\">\n\t\t\t<div class=\"elementor-widget-wrap elementor-element-populated\">\n\t\t\t\t\t\t\t\t<div class=\"elementor-element elementor-element-8b0ce5a elementor-widget elementor-widget-spacer\" data-id=\"8b0ce5a\" data-element_type=\"widget\" data-widget_type=\"spacer.default\">\n\t\t\t\t<div class=\"elementor-widget-container\">\n\t\t\t\t\t<div class=\"elementor-spacer\">\n\t\t\t<div class=\"elementor-spacer-inner\"><\/div>\n\t\t<\/div>\n\t\t\t\t<\/div>\n\t\t\t\t<\/div>\n\t\t\t\t\t<\/div>\n\t\t<\/div>\n\t\t\t\t\t\t\t<\/div>\n\t\t<\/section>\n\t\t\t\t<section class=\"elementor-section elementor-top-section elementor-element elementor-element-867bcbc elementor-section-boxed elementor-section-height-default elementor-section-height-default parallax_section_no qode_elementor_container_no\" data-id=\"867bcbc\" data-element_type=\"section\">\n\t\t\t\t\t\t<div class=\"elementor-container elementor-column-gap-default\">\n\t\t\t\t\t<div class=\"elementor-column elementor-col-100 elementor-top-column elementor-element elementor-element-0d3a68d\" data-id=\"0d3a68d\" data-element_type=\"column\">\n\t\t\t<div class=\"elementor-widget-wrap elementor-element-populated\">\n\t\t\t\t\t\t\t\t<div class=\"elementor-element elementor-element-b8aaa46 elementor-widget elementor-widget-spacer\" data-id=\"b8aaa46\" data-element_type=\"widget\" data-widget_type=\"spacer.default\">\n\t\t\t\t<div class=\"elementor-widget-container\">\n\t\t\t\t\t<div class=\"elementor-spacer\">\n\t\t\t<div class=\"elementor-spacer-inner\"><\/div>\n\t\t<\/div>\n\t\t\t\t<\/div>\n\t\t\t\t<\/div>\n\t\t\t\t\t<\/div>\n\t\t<\/div>\n\t\t\t\t\t\t\t<\/div>\n\t\t<\/section>\n\t\t\t\t\t\t\t<\/div>\n\t\t","protected":false},"excerpt":{"rendered":"<p>Seefracht Verl\u00e4sslich und kompetent auf dem SeewegIm Seeverkehr f\u00fchren wir mit unseren WCA- und FIATA-Mitgliedschaften Transporte zu allen H\u00e4fen der Welt durch. Mit unseren wirtschaftsorientierten Angeboten sind Sie einen Schritt voraus. \u00a0 Wir beraten Sie gerne zu folgenden Leistungen: LCL &amp; FCL Transporte\u2022 ISO-Tank Flexitank&#8230;<\/p>\n","protected":false},"author":1,"featured_media":0,"parent":0,"menu_order":0,"comment_status":"closed","ping_status":"closed","template":"","meta":[],"_links":{"self":[{"href":"https:\/\/fideslogistics.com\/de\/wp-json\/wp\/v2\/pages\/536"}],"collection":[{"href":"https:\/\/fideslogistics.com\/de\/wp-json\/wp\/v2\/pages"}],"about":[{"href":"https:\/\/fideslogistics.com\/de\/wp-json\/wp\/v2\/types\/page"}],"author":[{"embeddable":true,"href":"https:\/\/fideslogistics.com\/de\/wp-json\/wp\/v2\/users\/1"}],"replies":[{"embeddable":true,"href":"https:\/\/fideslogistics.com\/de\/wp-json\/wp\/v2\/comments?post=536"}],"version-history":[{"count":26,"href":"https:\/\/fideslogistics.com\/de\/wp-json\/wp\/v2\/pages\/536\/revisions"}],"predecessor-version":[{"id":1818,"href":"https:\/\/fideslogistics.com\/de\/wp-json\/wp\/v2\/pages\/536\/revisions\/1818"}],"wp:attachment":[{"href":"https:\/\/fideslogistics.com\/de\/wp-json\/wp\/v2\/media?parent=536"}],"curies":[{"name":"wp","href":"https:\/\/api.w.org\/{rel}","templated":true}]}}