{"id":540,"date":"2021-07-02T19:28:27","date_gmt":"2021-07-02T16:28:27","guid":{"rendered":"https:\/\/fideslogistics.com\/?page_id=540"},"modified":"2025-06-26T18:32:17","modified_gmt":"2025-06-26T15:32:17","slug":"lagerung","status":"publish","type":"page","link":"https:\/\/fideslogistics.com\/de\/lagerung\/","title":{"rendered":"Lagerung"},"content":{"rendered":"\t\t<div data-elementor-type=\"wp-page\" data-elementor-id=\"540\" class=\"elementor elementor-540\">\n\t\t\t\t\t\t\t\t\t<section class=\"elementor-section elementor-top-section elementor-element elementor-element-96faf24 elementor-section-boxed elementor-section-height-default elementor-section-height-default parallax_section_no qode_elementor_container_no\" data-id=\"96faf24\" data-element_type=\"section\">\n\t\t\t\t\t\t<div class=\"elementor-container elementor-column-gap-default\">\n\t\t\t\t\t<div class=\"elementor-column elementor-col-50 elementor-top-column elementor-element elementor-element-6d5a797\" data-id=\"6d5a797\" data-element_type=\"column\">\n\t\t\t<div class=\"elementor-widget-wrap elementor-element-populated\">\n\t\t\t\t\t\t\t\t<div class=\"elementor-element elementor-element-43f2317 elementor-widget elementor-widget-image\" data-id=\"43f2317\" data-element_type=\"widget\" data-widget_type=\"image.default\">\n\t\t\t\t<div class=\"elementor-widget-container\">\n\t\t\t\t\t\t\t\t\t\t\t\t\t\t\t<img width=\"500\" height=\"334\" src=\"https:\/\/fideslogistics.com\/wp-content\/uploads\/2021\/07\/fides-gmbh-depolama.jpg\" class=\"attachment-large size-large\" alt=\"\" loading=\"lazy\" srcset=\"https:\/\/fideslogistics.com\/wp-content\/uploads\/2021\/07\/fides-gmbh-depolama.jpg 500w, https:\/\/fideslogistics.com\/wp-content\/uploads\/2021\/07\/fides-gmbh-depolama-300x200.jpg 300w\" sizes=\"(max-width: 500px) 100vw, 500px\" \/>\t\t\t\t\t\t\t\t\t\t\t\t\t\t\t<\/div>\n\t\t\t\t<\/div>\n\t\t\t\t\t<\/div>\n\t\t<\/div>\n\t\t\t\t<div class=\"elementor-column elementor-col-50 elementor-top-column elementor-element elementor-element-c1380dd\" data-id=\"c1380dd\" data-element_type=\"column\">\n\t\t\t<div class=\"elementor-widget-wrap elementor-element-populated\">\n\t\t\t\t\t\t\t\t<div class=\"elementor-element elementor-element-711317e elementor-widget elementor-widget-text-editor\" data-id=\"711317e\" data-element_type=\"widget\" data-widget_type=\"text-editor.default\">\n\t\t\t\t<div class=\"elementor-widget-container\">\n\t\t\t\t\t\t\t<h1>Lagerung<\/h1><p>Durch Outsourcing Ihrer Lagerlogistik und Fulfillment-Prozesse erreichen Sie neue Ma\u00dfst\u00e4be in Sachen Flexibilit\u00e4t und Effizienz und k\u00f6nnen sich vollst\u00e4ndig auf Ihr Kerngesch\u00e4ft konzentrieren.<\/p><p>Ma\u00dfgeschneiderte L\u00f6sungen f\u00fcr Ihr Unternehmen. Kontaktieren Sie uns!<\/p>\t\t\t\t\t\t<\/div>\n\t\t\t\t<\/div>\n\t\t\t\t\t<\/div>\n\t\t<\/div>\n\t\t\t\t\t\t\t<\/div>\n\t\t<\/section>\n\t\t\t\t<section class=\"elementor-section elementor-top-section elementor-element elementor-element-d1c04c4 elementor-section-boxed elementor-section-height-default elementor-section-height-default parallax_section_no qode_elementor_container_no\" data-id=\"d1c04c4\" data-element_type=\"section\">\n\t\t\t\t\t\t<div class=\"elementor-container elementor-column-gap-default\">\n\t\t\t\t\t<div class=\"elementor-column elementor-col-100 elementor-top-column elementor-element elementor-element-5f1e4a4\" data-id=\"5f1e4a4\" data-element_type=\"column\">\n\t\t\t<div class=\"elementor-widget-wrap elementor-element-populated\">\n\t\t\t\t\t\t\t\t<div class=\"elementor-element elementor-element-6cfc89c elementor-widget elementor-widget-spacer\" data-id=\"6cfc89c\" data-element_type=\"widget\" data-widget_type=\"spacer.default\">\n\t\t\t\t<div class=\"elementor-widget-container\">\n\t\t\t\t\t<div class=\"elementor-spacer\">\n\t\t\t<div class=\"elementor-spacer-inner\"><\/div>\n\t\t<\/div>\n\t\t\t\t<\/div>\n\t\t\t\t<\/div>\n\t\t\t\t\t<\/div>\n\t\t<\/div>\n\t\t\t\t\t\t\t<\/div>\n\t\t<\/section>\n\t\t\t\t\t\t\t<\/div>\n\t\t","protected":false},"excerpt":{"rendered":"<p>Lagerung Durch Outsourcing Ihrer Lagerlogistik und Fulfillment-Prozesse erreichen Sie neue Ma\u00dfst\u00e4be in Sachen Flexibilit\u00e4t und Effizienz und k\u00f6nnen sich vollst\u00e4ndig auf Ihr Kerngesch\u00e4ft konzentrieren. Ma\u00dfgeschneiderte L\u00f6sungen f\u00fcr Ihr Unternehmen. Kontaktieren Sie uns!<\/p>\n","protected":false},"author":1,"featured_media":0,"parent":0,"menu_order":0,"comment_status":"closed","ping_status":"closed","template":"","meta":[],"_links":{"self":[{"href":"https:\/\/fideslogistics.com\/de\/wp-json\/wp\/v2\/pages\/540"}],"collection":[{"href":"https:\/\/fideslogistics.com\/de\/wp-json\/wp\/v2\/pages"}],"about":[{"href":"https:\/\/fideslogistics.com\/de\/wp-json\/wp\/v2\/types\/page"}],"author":[{"embeddable":true,"href":"https:\/\/fideslogistics.com\/de\/wp-json\/wp\/v2\/users\/1"}],"replies":[{"embeddable":true,"href":"https:\/\/fideslogistics.com\/de\/wp-json\/wp\/v2\/comments?post=540"}],"version-history":[{"count":19,"href":"https:\/\/fideslogistics.com\/de\/wp-json\/wp\/v2\/pages\/540\/revisions"}],"predecessor-version":[{"id":1686,"href":"https:\/\/fideslogistics.com\/de\/wp-json\/wp\/v2\/pages\/540\/revisions\/1686"}],"wp:attachment":[{"href":"https:\/\/fideslogistics.com\/de\/wp-json\/wp\/v2\/media?parent=540"}],"curies":[{"name":"wp","href":"https:\/\/api.w.org\/{rel}","templated":true}]}}