{"id":1357,"date":"2025-05-10T01:51:50","date_gmt":"2025-05-09T22:51:50","guid":{"rendered":"https:\/\/fideslogistics.com\/?page_id=1357"},"modified":"2025-06-26T18:34:40","modified_gmt":"2025-06-26T15:34:40","slug":"unsere-philosophia","status":"publish","type":"page","link":"https:\/\/fideslogistics.com\/en\/unsere-philosophia\/","title":{"rendered":"Unsere philosophia"},"content":{"rendered":"<div data-elementor-type=\"wp-page\" data-elementor-id=\"1357\" class=\"elementor elementor-1357\">\n\t\t\t\t\t\t\t\t\t<section class=\"elementor-section elementor-top-section elementor-element elementor-element-05a8c32 elementor-section-boxed elementor-section-height-default elementor-section-height-default parallax_section_no qode_elementor_container_no\" data-id=\"05a8c32\" data-element_type=\"section\">\n\t\t\t\t\t\t<div class=\"elementor-container elementor-column-gap-default\">\n\t\t\t\t\t<div class=\"elementor-column elementor-col-50 elementor-top-column elementor-element elementor-element-1a65f4d\" data-id=\"1a65f4d\" data-element_type=\"column\">\n\t\t\t<div class=\"elementor-widget-wrap elementor-element-populated\">\n\t\t\t\t\t\t\t\t<div class=\"elementor-element elementor-element-a5338ec elementor-widget elementor-widget-bridge_simple_quote\" data-id=\"a5338ec\" data-element_type=\"widget\" data-widget_type=\"bridge_simple_quote.default\">\n\t\t\t\t<div class=\"elementor-widget-container\">\n\t\t\t<div class=\"qode-simple-quote-holder qode-simple-quote-enabled-shadow\">\n\t<div class=\"qode-simple-quote-triangle-shadow\">\n\t\t\n\t<\/div>\n\t<div class=\"qode-simple-quote-triangle\" style=\"border-bottom-color: #E0E3E9\">\n\t\t\n\t<\/div>\n\t<div class=\"qode-simple-quote-holder-inner\" style=\"background-color: #E0E3E9;border-color: #E0E3E9\">\n\t\t<div class=\"qode-simple-quote-icon-holder\"  style=\"fill: #002F56\">\n\t\t\t<svg x=\"0px\" y=\"0px\" width=\"118px\" height=\"97px\" viewbox=\"0 0 118 97\" enable-background=\"new 0 0 118 97\" xml:space=\"preserve\">\n\t\t\t\t<g>\n\t\t\t\t\t<path d=\"M31.1,73.998c5.688-7.111,8.535-14.316,8.535-21.617c0-3.09-0.371-5.751-1.113-7.978c-4.332,3.34-9.031,5.009-14.102,5.009\t\t\t\t\t\tc-6.929,0-12.71-2.194-17.349-6.586c-4.639-4.389-6.958-10.298-6.958-17.72c0-6.926,2.348-12.71,7.051-17.349\t\t\t\t\t\tc4.7-4.639,10.452-6.958,17.256-6.958c9.77,0,17.256,4.021,22.451,12.061c4.329,6.68,6.494,15.029,6.494,25.049\t\t\t\t\t\tc0,12.742-3.247,24.154-9.741,34.234C37.13,82.227,27.325,90.357,14.215,96.541l-3.525-6.865\t\t\t\t\t\tC18.604,86.336,25.409,81.113,31.1,73.998z M95.67,73.998c5.688-7.111,8.535-14.316,8.535-21.617c0-3.09-0.371-5.751-1.113-7.978\t\t\t\t\t\tc-4.206,3.34-8.906,5.009-14.102,5.009c-6.804,0-12.556-2.194-17.256-6.586c-4.702-4.389-7.051-10.298-7.051-17.72\t\t\t\t\t\tc0-4.575,1.113-8.721,3.34-12.432s5.195-6.616,8.906-8.721c3.711-2.102,7.729-3.154,12.061-3.154\t\t\t\t\t\tc9.771,0,17.256,4.021,22.451,12.061c4.329,6.68,6.494,15.029,6.494,25.049c0,12.742-3.247,24.154-9.741,34.234\t\t\t\t\t\tC101.7,82.227,91.896,90.357,78.785,96.541l-3.525-6.865C83.175,86.336,89.979,81.113,95.67,73.998z\"\/>\n\t\t\t\t<\/g>\n\t\t\t<\/svg>\n\t\t<\/div>\n\t\t<div class=\"qode-simple-quote-content-holder\">\n\t\t\t<div class=\"qode-simple-quote-content-holder-inner\">\n\t\t\t\t<div class=\"qode-simple-quote-text-holder\" >\n\t\t\t\t\t<h3 class=\"qode-simple-quote-text-title\"> Competence in Perfection!   <\/h3>\n\t\t\t\t<\/div>\n\t\t\t\t<div class=\"qode-simple-quote-author-holder\">\n\t\t\t\t\t<p class=\"qode-simple-quote-author-title\"> We aim to support Germany\u2019s high-performing production companies with our logistical strength and enhance their competitiveness on the international market.\nEthical and social responsibility guide our actions\u2014for satisfied customers, a clean environment, sustainable solutions, and innovative approaches.  <\/p>\n\t\t\t\t<\/div>\n\t\t\t<\/div>\n\t\t<\/div>\n\t<\/div>\n<\/div>\t\t<\/div>\n\t\t\t\t<\/div>\n\t\t\t\t\t<\/div>\n\t\t<\/div>\n\t\t\t\t<div class=\"elementor-column elementor-col-50 elementor-top-column elementor-element elementor-element-784752c\" data-id=\"784752c\" data-element_type=\"column\">\n\t\t\t<div class=\"elementor-widget-wrap elementor-element-populated\">\n\t\t\t\t\t\t\t\t<div class=\"elementor-element elementor-element-e1e7976 elementor-widget elementor-widget-bridge_simple_quote\" data-id=\"e1e7976\" data-element_type=\"widget\" data-widget_type=\"bridge_simple_quote.default\">\n\t\t\t\t<div class=\"elementor-widget-container\">\n\t\t\t<div class=\"qode-simple-quote-holder qode-simple-quote-enabled-shadow\">\n\t<div class=\"qode-simple-quote-triangle-shadow\">\n\t\t\n\t<\/div>\n\t<div class=\"qode-simple-quote-triangle\" style=\"border-bottom-color: #E0E3E9\">\n\t\t\n\t<\/div>\n\t<div class=\"qode-simple-quote-holder-inner\" style=\"background-color: #E0E3E9;border-color: #E0E3E9\">\n\t\t<div class=\"qode-simple-quote-icon-holder\"  style=\"fill: #002F56\">\n\t\t\t<svg x=\"0px\" y=\"0px\" width=\"118px\" height=\"97px\" viewbox=\"0 0 118 97\" enable-background=\"new 0 0 118 97\" xml:space=\"preserve\">\n\t\t\t\t<g>\n\t\t\t\t\t<path d=\"M31.1,73.998c5.688-7.111,8.535-14.316,8.535-21.617c0-3.09-0.371-5.751-1.113-7.978c-4.332,3.34-9.031,5.009-14.102,5.009\t\t\t\t\t\tc-6.929,0-12.71-2.194-17.349-6.586c-4.639-4.389-6.958-10.298-6.958-17.72c0-6.926,2.348-12.71,7.051-17.349\t\t\t\t\t\tc4.7-4.639,10.452-6.958,17.256-6.958c9.77,0,17.256,4.021,22.451,12.061c4.329,6.68,6.494,15.029,6.494,25.049\t\t\t\t\t\tc0,12.742-3.247,24.154-9.741,34.234C37.13,82.227,27.325,90.357,14.215,96.541l-3.525-6.865\t\t\t\t\t\tC18.604,86.336,25.409,81.113,31.1,73.998z M95.67,73.998c5.688-7.111,8.535-14.316,8.535-21.617c0-3.09-0.371-5.751-1.113-7.978\t\t\t\t\t\tc-4.206,3.34-8.906,5.009-14.102,5.009c-6.804,0-12.556-2.194-17.256-6.586c-4.702-4.389-7.051-10.298-7.051-17.72\t\t\t\t\t\tc0-4.575,1.113-8.721,3.34-12.432s5.195-6.616,8.906-8.721c3.711-2.102,7.729-3.154,12.061-3.154\t\t\t\t\t\tc9.771,0,17.256,4.021,22.451,12.061c4.329,6.68,6.494,15.029,6.494,25.049c0,12.742-3.247,24.154-9.741,34.234\t\t\t\t\t\tC101.7,82.227,91.896,90.357,78.785,96.541l-3.525-6.865C83.175,86.336,89.979,81.113,95.67,73.998z\"\/>\n\t\t\t\t<\/g>\n\t\t\t<\/svg>\n\t\t<\/div>\n\t\t<div class=\"qode-simple-quote-content-holder\">\n\t\t\t<div class=\"qode-simple-quote-content-holder-inner\">\n\t\t\t\t<div class=\"qode-simple-quote-text-holder\" >\n\t\t\t\t\t<h3 class=\"qode-simple-quote-text-title\"> Quality   <\/h3>\n\t\t\t\t<\/div>\n\t\t\t\t<div class=\"qode-simple-quote-author-holder\">\n\t\t\t\t\t<p class=\"qode-simple-quote-author-title\"> Our quality policy commits us to the continuous improvement of our services.\nSatisfied customers through excellent service combined with fair pricing.\nKeeping an eye on the future through ongoing training of our employees.\nOur goal is not only to meet the needs and expectations of our customers but to exceed them!   <\/p>\n\t\t\t\t<\/div>\n\t\t\t<\/div>\n\t\t<\/div>\n\t<\/div>\n<\/div>\t\t<\/div>\n\t\t\t\t<\/div>\n\t\t\t\t\t<\/div>\n\t\t<\/div>\n\t\t\t\t\t\t\t<\/div>\n\t\t<\/section>\n\t\t\t\t<section class=\"elementor-section elementor-top-section elementor-element elementor-element-fbe5b05 elementor-section-boxed elementor-section-height-default elementor-section-height-default parallax_section_no qode_elementor_container_no\" data-id=\"fbe5b05\" data-element_type=\"section\">\n\t\t\t\t\t\t<div class=\"elementor-container elementor-column-gap-default\">\n\t\t\t\t\t<div class=\"elementor-column elementor-col-100 elementor-top-column elementor-element elementor-element-afc61c2\" data-id=\"afc61c2\" data-element_type=\"column\">\n\t\t\t<div class=\"elementor-widget-wrap elementor-element-populated\">\n\t\t\t\t\t\t\t\t<div class=\"elementor-element elementor-element-76ac507 elementor-widget elementor-widget-spacer\" data-id=\"76ac507\" data-element_type=\"widget\" data-widget_type=\"spacer.default\">\n\t\t\t\t<div class=\"elementor-widget-container\">\n\t\t\t\t\t<div class=\"elementor-spacer\">\n\t\t\t<div class=\"elementor-spacer-inner\"><\/div>\n\t\t<\/div>\n\t\t\t\t<\/div>\n\t\t\t\t<\/div>\n\t\t\t\t\t<\/div>\n\t\t<\/div>\n\t\t\t\t\t\t\t<\/div>\n\t\t<\/section>\n\t\t\t\t<section class=\"elementor-section elementor-top-section elementor-element elementor-element-50950a5 elementor-section-full_width elementor-section-height-default elementor-section-height-default parallax_section_no qode_elementor_container_no\" data-id=\"50950a5\" data-element_type=\"section\">\n\t\t\t\t\t\t<div class=\"elementor-container elementor-column-gap-default\">\n\t\t\t\t\t<div class=\"elementor-column elementor-col-100 elementor-top-column elementor-element elementor-element-8971574\" data-id=\"8971574\" data-element_type=\"column\">\n\t\t\t<div class=\"elementor-widget-wrap elementor-element-populated\">\n\t\t\t\t\t\t\t\t<div class=\"elementor-element elementor-element-5b1d129 elementor-widget elementor-widget-bridge_separator_with_icon\" data-id=\"5b1d129\" data-element_type=\"widget\" data-widget_type=\"bridge_separator_with_icon.default\">\n\t\t\t\t<div class=\"elementor-widget-container\">\n\t\t\t<span class=\"separator_with_icon\" ><i class=\"fa fa-align-center\"><\/i><\/span>\t\t<\/div>\n\t\t\t\t<\/div>\n\t\t\t\t<div class=\"elementor-element elementor-element-09f6bcb elementor-widget elementor-widget-spacer\" data-id=\"09f6bcb\" data-element_type=\"widget\" data-widget_type=\"spacer.default\">\n\t\t\t\t<div class=\"elementor-widget-container\">\n\t\t\t\t\t<div class=\"elementor-spacer\">\n\t\t\t<div class=\"elementor-spacer-inner\"><\/div>\n\t\t<\/div>\n\t\t\t\t<\/div>\n\t\t\t\t<\/div>\n\t\t\t\t\t<\/div>\n\t\t<\/div>\n\t\t\t\t\t\t\t<\/div>\n\t\t<\/section>\n\t\t\t\t<section class=\"elementor-section elementor-top-section elementor-element elementor-element-e3c51a5 elementor-section-boxed elementor-section-height-default elementor-section-height-default parallax_section_no qode_elementor_container_no\" data-id=\"e3c51a5\" data-element_type=\"section\">\n\t\t\t\t\t\t<div class=\"elementor-container elementor-column-gap-default\">\n\t\t\t\t\t<div class=\"elementor-column elementor-col-33 elementor-top-column elementor-element elementor-element-2af7a66\" data-id=\"2af7a66\" data-element_type=\"column\">\n\t\t\t<div class=\"elementor-widget-wrap elementor-element-populated\">\n\t\t\t\t\t\t\t\t<div class=\"elementor-element elementor-element-a0faa50 elementor-widget elementor-widget-bridge_icon_text\" data-id=\"a0faa50\" data-element_type=\"widget\" data-widget_type=\"bridge_icon_text.default\">\n\t\t\t\t<div class=\"elementor-widget-container\">\n\t\t\t<div class=\"q_box_holder with_icon\" style=\"border-color: #002F56;background-color: #002F56;\"><div class=\"box_holder_icon\"><div class=\"box_holder_icon_inner very_large image\" style=\"\"><img itemprop=\"image\" style=\"\" src=\"https:\/\/fideslogistics.com\/wp-content\/uploads\/2025\/05\/kurumsal_1_1.png\" alt=\"\"><\/div><\/div><div class=\"box_holder_inner very_large center\"><h3 class=\"icon_title\" style=\"color: #FFFFFF;\">Customer Satisfaction<\/h3><span class=\"separator transparent\" style=\"margin: 8px 0;\"><\/span><p style=\"\"><\/p><\/div><\/div>\t\t<\/div>\n\t\t\t\t<\/div>\n\t\t\t\t<div class=\"elementor-element elementor-element-aa5d66a elementor-widget elementor-widget-text-editor\" data-id=\"aa5d66a\" data-element_type=\"widget\" data-widget_type=\"text-editor.default\">\n\t\t\t\t<div class=\"elementor-widget-container\">\n\t\t\t\t\t\t\t<p>At Fides Logistics GmbH, the complete satisfaction of our clients is our highest priority. Since our establishment, we have consistently pursued the objective of not merely delivering logistics services, but of cultivating long-term partnerships founded on trust, transparency, and mutual respect.<\/p>\t\t\t\t\t\t<\/div>\n\t\t\t\t<\/div>\n\t\t\t\t\t<\/div>\n\t\t<\/div>\n\t\t\t\t<div class=\"elementor-column elementor-col-33 elementor-top-column elementor-element elementor-element-3990fc9\" data-id=\"3990fc9\" data-element_type=\"column\">\n\t\t\t<div class=\"elementor-widget-wrap elementor-element-populated\">\n\t\t\t\t\t\t\t\t<div class=\"elementor-element elementor-element-f41cce9 elementor-widget elementor-widget-bridge_icon_text\" data-id=\"f41cce9\" data-element_type=\"widget\" data-widget_type=\"bridge_icon_text.default\">\n\t\t\t\t<div class=\"elementor-widget-container\">\n\t\t\t<div class=\"q_box_holder with_icon\" style=\"border-color: #002F56;background-color: #002F56;\"><div class=\"box_holder_icon\"><div class=\"box_holder_icon_inner very_large image\" style=\"\"><img itemprop=\"image\" style=\"\" src=\"https:\/\/fideslogistics.com\/wp-content\/uploads\/2025\/05\/kurumsal_1_2.png\" alt=\"\"><\/div><\/div><div class=\"box_holder_inner very_large center\"><h3 class=\"icon_title\" style=\"color: #FFFFFF;\">Strategic planning<\/h3><span class=\"separator transparent\" style=\"margin: 8px 0;\"><\/span><p style=\"\"><\/p><\/div><\/div>\t\t<\/div>\n\t\t\t\t<\/div>\n\t\t\t\t<div class=\"elementor-element elementor-element-9149db8 elementor-widget elementor-widget-text-editor\" data-id=\"9149db8\" data-element_type=\"widget\" data-widget_type=\"text-editor.default\">\n\t\t\t\t<div class=\"elementor-widget-container\">\n\t\t\t\t\t\t\t<p>At Fides Logistics GmbH, each request is meticulously evaluated by our team of experienced professionals. Within the scope of a structured briefing, we define clear objectives, conduct tailored needs assessments, and promptly initiate targeted measures. Our robust operational framework and exceptional organizational capabilities enable us to accelerate decision-making processes and implement projects efficiently and without delay.<\/p>\t\t\t\t\t\t<\/div>\n\t\t\t\t<\/div>\n\t\t\t\t\t<\/div>\n\t\t<\/div>\n\t\t\t\t<div class=\"elementor-column elementor-col-33 elementor-top-column elementor-element elementor-element-0a93fb4\" data-id=\"0a93fb4\" data-element_type=\"column\">\n\t\t\t<div class=\"elementor-widget-wrap elementor-element-populated\">\n\t\t\t\t\t\t\t\t<div class=\"elementor-element elementor-element-02370e1 elementor-widget elementor-widget-bridge_icon_text\" data-id=\"02370e1\" data-element_type=\"widget\" data-widget_type=\"bridge_icon_text.default\">\n\t\t\t\t<div class=\"elementor-widget-container\">\n\t\t\t<div class=\"q_box_holder with_icon\" style=\"border-color: #002F56;background-color: #002F56;\"><div class=\"box_holder_icon\"><div class=\"box_holder_icon_inner very_large image\" style=\"\"><img itemprop=\"image\" style=\"\" src=\"https:\/\/fideslogistics.com\/wp-content\/uploads\/2025\/05\/kurumsal_1_3.png\" alt=\"\"><\/div><\/div><div class=\"box_holder_inner very_large center\"><h3 class=\"icon_title\" style=\"color: #FFFFFF;\">Creative Solutions<\/h3><span class=\"separator transparent\" style=\"margin: 8px 0;\"><\/span><p style=\"\"><\/p><\/div><\/div>\t\t<\/div>\n\t\t\t\t<\/div>\n\t\t\t\t<div class=\"elementor-element elementor-element-97da99b elementor-widget elementor-widget-text-editor\" data-id=\"97da99b\" data-element_type=\"widget\" data-widget_type=\"text-editor.default\">\n\t\t\t\t<div class=\"elementor-widget-container\">\n\t\t\t\t\t\t\t<p>At Fides Logistics GmbH, we swiftly translate briefings into effective actions. Each inquiry is approached individually, allowing us to develop creative and bespoke solutions. Our flexible organizational structure ensures that we can quickly adapt to evolving requirements. Through transparent communication, we maintain a consistently client-focused approach. Our goal is to establish an efficient and innovative partnership at every stage of the process.<\/p>\t\t\t\t\t\t<\/div>\n\t\t\t\t<\/div>\n\t\t\t\t\t<\/div>\n\t\t<\/div>\n\t\t\t\t\t\t\t<\/div>\n\t\t<\/section>\n\t\t\t\t<section class=\"elementor-section elementor-top-section elementor-element elementor-element-597c681 elementor-section-boxed elementor-section-height-default elementor-section-height-default parallax_section_no qode_elementor_container_no\" data-id=\"597c681\" data-element_type=\"section\">\n\t\t\t\t\t\t<div class=\"elementor-container elementor-column-gap-default\">\n\t\t\t\t\t<div class=\"elementor-column elementor-col-100 elementor-top-column elementor-element elementor-element-3dd46b9\" data-id=\"3dd46b9\" data-element_type=\"column\">\n\t\t\t<div class=\"elementor-widget-wrap elementor-element-populated\">\n\t\t\t\t\t\t\t\t<div class=\"elementor-element elementor-element-010428c elementor-widget elementor-widget-spacer\" data-id=\"010428c\" data-element_type=\"widget\" data-widget_type=\"spacer.default\">\n\t\t\t\t<div class=\"elementor-widget-container\">\n\t\t\t\t\t<div class=\"elementor-spacer\">\n\t\t\t<div class=\"elementor-spacer-inner\"><\/div>\n\t\t<\/div>\n\t\t\t\t<\/div>\n\t\t\t\t<\/div>\n\t\t\t\t\t<\/div>\n\t\t<\/div>\n\t\t\t\t\t\t\t<\/div>\n\t\t<\/section>\n\t\t\t\t\t\t\t<\/div>","protected":false},"excerpt":{"rendered":"<p>Kompetenz in Perfektion! Wir wollen die produktionsstarken Unternehmen in Deutschland mit unserer Logistikkraft weiterbringen und Ihre Wettbewerbsf\u00e4higkeit auf dem internationalen Markt steigern. Ethisches und soziales Verantwortungsbewusstsein regeln unser Handeln f\u00fcr gl\u00fcckliche Kunden, eine saubere Umwelt, nachhaltige L\u00f6sungen und innovative Ans\u00e4tze. Qualit\u00e4t Unsere Qualit\u00e4tspolitik verpflichtet uns&#8230;<\/p>","protected":false},"author":1,"featured_media":0,"parent":0,"menu_order":0,"comment_status":"closed","ping_status":"closed","template":"","meta":[],"_links":{"self":[{"href":"https:\/\/fideslogistics.com\/en\/wp-json\/wp\/v2\/pages\/1357"}],"collection":[{"href":"https:\/\/fideslogistics.com\/en\/wp-json\/wp\/v2\/pages"}],"about":[{"href":"https:\/\/fideslogistics.com\/en\/wp-json\/wp\/v2\/types\/page"}],"author":[{"embeddable":true,"href":"https:\/\/fideslogistics.com\/en\/wp-json\/wp\/v2\/users\/1"}],"replies":[{"embeddable":true,"href":"https:\/\/fideslogistics.com\/en\/wp-json\/wp\/v2\/comments?post=1357"}],"version-history":[{"count":47,"href":"https:\/\/fideslogistics.com\/en\/wp-json\/wp\/v2\/pages\/1357\/revisions"}],"predecessor-version":[{"id":1692,"href":"https:\/\/fideslogistics.com\/en\/wp-json\/wp\/v2\/pages\/1357\/revisions\/1692"}],"wp:attachment":[{"href":"https:\/\/fideslogistics.com\/en\/wp-json\/wp\/v2\/media?parent=1357"}],"curies":[{"name":"wp","href":"https:\/\/api.w.org\/{rel}","templated":true}]}}