{"id":1511,"date":"2025-06-12T15:53:31","date_gmt":"2025-06-12T12:53:31","guid":{"rendered":"https:\/\/fideslogistics.com\/?page_id=1511"},"modified":"2025-06-12T16:03:07","modified_gmt":"2025-06-12T13:03:07","slug":"karrierre","status":"publish","type":"page","link":"https:\/\/fideslogistics.com\/en\/karrierre\/","title":{"rendered":"Career"},"content":{"rendered":"<div data-elementor-type=\"wp-page\" data-elementor-id=\"1511\" class=\"elementor elementor-1511\">\n\t\t\t\t\t\t\t\t\t<section class=\"elementor-section elementor-top-section elementor-element elementor-element-47310941 elementor-section-boxed elementor-section-height-default elementor-section-height-default parallax_section_no qode_elementor_container_no\" data-id=\"47310941\" data-element_type=\"section\">\n\t\t\t\t\t\t<div class=\"elementor-container elementor-column-gap-default\">\n\t\t\t\t\t<div class=\"elementor-column elementor-col-100 elementor-top-column elementor-element elementor-element-d808d23\" data-id=\"d808d23\" data-element_type=\"column\">\n\t\t\t<div class=\"elementor-widget-wrap\">\n\t\t\t\t\t\t\t\t\t<\/div>\n\t\t<\/div>\n\t\t\t\t\t\t\t<\/div>\n\t\t<\/section>\n\t\t\t\t<section class=\"elementor-section elementor-top-section elementor-element elementor-element-21e1f4e elementor-section-boxed elementor-section-height-default elementor-section-height-default parallax_section_no qode_elementor_container_no\" data-id=\"21e1f4e\" data-element_type=\"section\">\n\t\t\t\t\t\t<div class=\"elementor-container elementor-column-gap-default\">\n\t\t\t\t\t<div class=\"elementor-column elementor-col-50 elementor-top-column elementor-element elementor-element-33eaf0d\" data-id=\"33eaf0d\" data-element_type=\"column\">\n\t\t\t<div class=\"elementor-widget-wrap elementor-element-populated\">\n\t\t\t\t\t\t\t\t<div class=\"elementor-element elementor-element-2c4f887 elementor-widget elementor-widget-image\" data-id=\"2c4f887\" data-element_type=\"widget\" data-widget_type=\"image.default\">\n\t\t\t\t<div class=\"elementor-widget-container\">\n\t\t\t\t\t\t\t\t\t\t\t\t\t\t\t<img width=\"994\" height=\"337\" src=\"https:\/\/fideslogistics.com\/wp-content\/uploads\/2025\/05\/fides_logo.png\" class=\"attachment-large size-large\" alt=\"\" loading=\"lazy\" srcset=\"https:\/\/fideslogistics.com\/wp-content\/uploads\/2025\/05\/fides_logo.png 994w, https:\/\/fideslogistics.com\/wp-content\/uploads\/2025\/05\/fides_logo-300x102.png 300w, https:\/\/fideslogistics.com\/wp-content\/uploads\/2025\/05\/fides_logo-768x260.png 768w, https:\/\/fideslogistics.com\/wp-content\/uploads\/2025\/05\/fides_logo-18x6.png 18w, https:\/\/fideslogistics.com\/wp-content\/uploads\/2025\/05\/fides_logo-700x237.png 700w\" sizes=\"(max-width: 994px) 100vw, 994px\" \/>\t\t\t\t\t\t\t\t\t\t\t\t\t\t\t<\/div>\n\t\t\t\t<\/div>\n\t\t\t\t\t<\/div>\n\t\t<\/div>\n\t\t\t\t<div class=\"elementor-column elementor-col-50 elementor-top-column elementor-element elementor-element-0821e02\" data-id=\"0821e02\" data-element_type=\"column\">\n\t\t\t<div class=\"elementor-widget-wrap elementor-element-populated\">\n\t\t\t\t\t\t\t\t<div class=\"elementor-element elementor-element-cf510dd elementor-widget elementor-widget-text-editor\" data-id=\"cf510dd\" data-element_type=\"widget\" data-widget_type=\"text-editor.default\">\n\t\t\t\t<div class=\"elementor-widget-container\">\n\t\t\t\t\t\t\t<p><strong>Careers \u2013 Your Future at Fides Logistics GmbH<\/strong><\/p><p><br \/><a href=\"mailto:info@fideslogistics.com\">info@fideslogistics.com<\/a><\/p><p><br \/>Fides Logistics GmbH sends various forms of electronic communication, including notifications and marketing messages, via email, call centers, voice systems, SMS, MMS, mobile phones, and similar channels. By providing your contact details, you agree to receive such communications via email, phone, and other electronic means.<\/p>\t\t\t\t\t\t<\/div>\n\t\t\t\t<\/div>\n\t\t\t\t\t<\/div>\n\t\t<\/div>\n\t\t\t\t\t\t\t<\/div>\n\t\t<\/section>\n\t\t\t\t<section class=\"elementor-section elementor-top-section elementor-element elementor-element-92d3c94 elementor-section-boxed elementor-section-height-default elementor-section-height-default parallax_section_no qode_elementor_container_no\" data-id=\"92d3c94\" data-element_type=\"section\">\n\t\t\t\t\t\t<div class=\"elementor-container elementor-column-gap-default\">\n\t\t\t\t\t<div class=\"elementor-column elementor-col-100 elementor-top-column elementor-element elementor-element-6ef82ae\" data-id=\"6ef82ae\" data-element_type=\"column\">\n\t\t\t<div class=\"elementor-widget-wrap elementor-element-populated\">\n\t\t\t\t\t\t\t\t<div class=\"elementor-element elementor-element-9e7caec elementor-widget elementor-widget-spacer\" data-id=\"9e7caec\" data-element_type=\"widget\" data-widget_type=\"spacer.default\">\n\t\t\t\t<div class=\"elementor-widget-container\">\n\t\t\t\t\t<div class=\"elementor-spacer\">\n\t\t\t<div class=\"elementor-spacer-inner\"><\/div>\n\t\t<\/div>\n\t\t\t\t<\/div>\n\t\t\t\t<\/div>\n\t\t\t\t\t<\/div>\n\t\t<\/div>\n\t\t\t\t\t\t\t<\/div>\n\t\t<\/section>\n\t\t\t\t\t\t\t<\/div>","protected":false},"excerpt":{"rendered":"<p>Karriere \u2013 Ihre Zukunft bei Fides Logistics GmbH info@fideslogistics.com Fides Logistics GmbH sendet alle Arten elektronischer Nachrichten, einschlie\u00dflich Benachrichtigungen und Werbung f\u00fcr Werbe- und Marketingaktivit\u00e4ten, die per E-Mail, Call Center, intelligente Sprachaufzeichnungssysteme, SMS, MMS, Mobiltelefone und \u00e4hnliche Mittel gesendet werden. Ich bin damit einverstanden, dass&#8230;<\/p>","protected":false},"author":1,"featured_media":0,"parent":0,"menu_order":0,"comment_status":"closed","ping_status":"closed","template":"full_width.php","meta":[],"_links":{"self":[{"href":"https:\/\/fideslogistics.com\/en\/wp-json\/wp\/v2\/pages\/1511"}],"collection":[{"href":"https:\/\/fideslogistics.com\/en\/wp-json\/wp\/v2\/pages"}],"about":[{"href":"https:\/\/fideslogistics.com\/en\/wp-json\/wp\/v2\/types\/page"}],"author":[{"embeddable":true,"href":"https:\/\/fideslogistics.com\/en\/wp-json\/wp\/v2\/users\/1"}],"replies":[{"embeddable":true,"href":"https:\/\/fideslogistics.com\/en\/wp-json\/wp\/v2\/comments?post=1511"}],"version-history":[{"count":7,"href":"https:\/\/fideslogistics.com\/en\/wp-json\/wp\/v2\/pages\/1511\/revisions"}],"predecessor-version":[{"id":1522,"href":"https:\/\/fideslogistics.com\/en\/wp-json\/wp\/v2\/pages\/1511\/revisions\/1522"}],"wp:attachment":[{"href":"https:\/\/fideslogistics.com\/en\/wp-json\/wp\/v2\/media?parent=1511"}],"curies":[{"name":"wp","href":"https:\/\/api.w.org\/{rel}","templated":true}]}}