{"id":234,"date":"2016-11-01T10:37:50","date_gmt":"2016-11-01T07:37:50","guid":{"rendered":"http:\/\/bridge84.qodeinteractive.com\/?page_id=234"},"modified":"2025-06-28T17:35:42","modified_gmt":"2025-06-28T14:35:42","slug":"leistungen","status":"publish","type":"page","link":"https:\/\/fideslogistics.com\/en\/leistungen\/","title":{"rendered":"Our Solutions"},"content":{"rendered":"<div data-elementor-type=\"wp-page\" data-elementor-id=\"234\" class=\"elementor elementor-234\">\n\t\t\t\t\t\t\t\t\t<section class=\"elementor-section elementor-top-section elementor-element elementor-element-503bbce elementor-section-boxed elementor-section-height-default elementor-section-height-default parallax_section_no qode_elementor_container_no\" data-id=\"503bbce\" data-element_type=\"section\" data-settings=\"{&quot;background_background&quot;:&quot;gradient&quot;}\">\n\t\t\t\t\t\t<div class=\"elementor-container elementor-column-gap-default\">\n\t\t\t\t\t<div class=\"elementor-column elementor-col-100 elementor-top-column elementor-element elementor-element-1d81209\" data-id=\"1d81209\" data-element_type=\"column\" data-settings=\"{&quot;background_background&quot;:&quot;classic&quot;}\">\n\t\t\t<div class=\"elementor-widget-wrap elementor-element-populated\">\n\t\t\t\t\t\t\t\t<div class=\"elementor-element elementor-element-345e32f elementor-widget elementor-widget-bridge_circles\" data-id=\"345e32f\" data-element_type=\"widget\" data-widget_type=\"bridge_circles.default\">\n\t\t\t\t<div class=\"elementor-widget-container\">\n\t\t\t\n        <ul class=\"q_circles_holder four_columns no_line\" >\n\n            <li class=\"q_circle_outer\"><a itemprop=\"url\" href=\"https:\/\/fideslogistics.com\/en\/landverkehre\/\" target=\"_self\"><span class=\"q_circle_inner\"><span class=\"q_circle_inner2\" style=\"\"><img itemprop=\"image\" class=\"q_image_in_circle\" src=\"https:\/\/fideslogistics.com\/wp-content\/uploads\/2025\/05\/kare_gorsel_4.png\" alt=\"\" \/><\/span><\/span><\/a><div class=\"q_circle_text_holder\"><h3 class=\"q_circle_title\" style=\"\">Road Transport<\/h3><p class=\"q_circle_text\" style=\"\">We offer reliable and flexible solutions for national and international road transport \u2014 whether for part loads or full truckloads.<\/p><\/div><\/li><li class=\"q_circle_outer\"><a itemprop=\"url\" href=\"https:\/\/fideslogistics.com\/en\/lagerung\/\" target=\"_self\"><span class=\"q_circle_inner\"><span class=\"q_circle_inner2\" style=\"\"><img itemprop=\"image\" class=\"q_image_in_circle\" src=\"https:\/\/fideslogistics.com\/wp-content\/uploads\/2025\/05\/kare_gorsel_2.png\" alt=\"\" \/><\/span><\/span><\/a><div class=\"q_circle_text_holder\"><h3 class=\"q_circle_title\" style=\"\">Warehousing<\/h3><p class=\"q_circle_text\" style=\"\">We provide warehousing solutions both domestically and internationally \u2014 for all industries, in open or bonded warehouses as well as logistics centers.<\/p><\/div><\/li><li class=\"q_circle_outer\"><a itemprop=\"url\" href=\"https:\/\/fideslogistics.com\/en\/luftfracht\/\" target=\"_self\"><span class=\"q_circle_inner\"><span class=\"q_circle_inner2\" style=\"\"><img itemprop=\"image\" class=\"q_image_in_circle\" src=\"https:\/\/fideslogistics.com\/wp-content\/uploads\/2025\/06\/ucak_tasima.png\" alt=\"\" \/><\/span><\/span><\/a><div class=\"q_circle_text_holder\"><h3 class=\"q_circle_title\" style=\"\">Air Freight<\/h3><p class=\"q_circle_text\" style=\"\">For time-sensitive shipments, we offer global air freight solutions with high priority, fast transit times, and end-to-end shipment tracking.<\/p><\/div><\/li><li class=\"q_circle_outer\"><a itemprop=\"url\" href=\"https:\/\/fideslogistics.com\/en\/seefracht\/\" target=\"_self\"><span class=\"q_circle_inner\"><span class=\"q_circle_inner2\" style=\"\"><img itemprop=\"image\" class=\"q_image_in_circle\" src=\"https:\/\/fideslogistics.com\/wp-content\/uploads\/2025\/06\/denizyolu_1.png\" alt=\"\" \/><\/span><\/span><\/a><div class=\"q_circle_text_holder\"><h3 class=\"q_circle_title\" style=\"\">Sea Freight<\/h3><p class=\"q_circle_text\" style=\"\">Efficient sea freight solutions for your global cargo \u2014 from FCL to LCL and customized special container options.\n\n<\/p><\/div><\/li>\n        <\/ul>\n\n        \t\t<\/div>\n\t\t\t\t<\/div>\n\t\t\t\t<div class=\"elementor-element elementor-element-4953f3e elementor-widget elementor-widget-bridge_circles\" data-id=\"4953f3e\" data-element_type=\"widget\" data-widget_type=\"bridge_circles.default\">\n\t\t\t\t<div class=\"elementor-widget-container\">\n\t\t\t\n        <ul class=\"q_circles_holder four_columns no_line\" >\n\n            <li class=\"q_circle_outer\"><a itemprop=\"url\" href=\"https:\/\/fideslogistics.com\/en\/temperaturgefuehrte\/\" target=\"_self\"><span class=\"q_circle_inner\"><span class=\"q_circle_inner2\" style=\"\"><img itemprop=\"image\" class=\"q_image_in_circle\" src=\"https:\/\/fideslogistics.com\/wp-content\/uploads\/2025\/06\/isikontrollutasmi.png\" alt=\"\" \/><\/span><\/span><\/a><div class=\"q_circle_text_holder\"><h3 class=\"q_circle_title\" style=\"\">Temperature-controlled transport<\/h3><p class=\"q_circle_text\" style=\"\">We offer you individual logistics solutions for temperature-controlled deliveries.<\/p><\/div><\/li><li class=\"q_circle_outer\"><a itemprop=\"url\" href=\"https:\/\/fideslogistics.com\/en\/projekt-und-spezialtransporte\/\" target=\"_self\"><span class=\"q_circle_inner\"><span class=\"q_circle_inner2\" style=\"\"><img itemprop=\"image\" class=\"q_image_in_circle\" src=\"https:\/\/fideslogistics.com\/wp-content\/uploads\/2025\/06\/fides-gmbh-proje-tasimaciligi.jpg\" alt=\"\" \/><\/span><\/span><\/a><div class=\"q_circle_text_holder\"><h3 class=\"q_circle_title\" style=\"\">Project and Special Transport<\/h3><p class=\"q_circle_text\" style=\"\">We develop solutions for the safe and reliable transport of heavy and oversized loads. We support you in the individual planning and implementation, from long before pickup through to customs clearance.<\/p><\/div><\/li><li class=\"q_circle_outer\"><a itemprop=\"url\" href=\"https:\/\/fideslogistics.com\/en\/nationale-transporte\/\" target=\"_self\"><span class=\"q_circle_inner\"><span class=\"q_circle_inner2\" style=\"\"><img itemprop=\"image\" class=\"q_image_in_circle\" src=\"https:\/\/fideslogistics.com\/wp-content\/uploads\/2025\/06\/kare_gorsel_3.png\" alt=\"\" \/><\/span><\/span><\/a><div class=\"q_circle_text_holder\"><h3 class=\"q_circle_title\" style=\"\">National Transport<\/h3><p class=\"q_circle_text\" style=\"\">System transport \u2013 working hand in hand to our destination. In addition to our regional transport, we operate a nationwide network through our system cooperation.\n\n<\/p><\/div><\/li><li class=\"q_circle_outer\"><a itemprop=\"url\" href=\"https:\/\/fideslogistics.com\/en\/intermodaler-transport\/\" target=\"_self\"><span class=\"q_circle_inner\"><span class=\"q_circle_inner2\" style=\"\"><img itemprop=\"image\" class=\"q_image_in_circle\" src=\"https:\/\/fideslogistics.com\/wp-content\/uploads\/2025\/06\/fides-gmbh-intermodal-tasimacilik.jpg\" alt=\"\" \/><\/span><\/span><\/a><div class=\"q_circle_text_holder\"><h3 class=\"q_circle_title\" style=\"\">Intermodal Transport<\/h3><p class=\"q_circle_text\" style=\"\">Environmentally friendly \u2013 \u200b\u200bEffective \u2013 Affordable\nAs Fides Logistics GmbH, we enable you to control costs with our intermodal transport solutions. <\/p><\/div><\/li>\n        <\/ul>\n\n        \t\t<\/div>\n\t\t\t\t<\/div>\n\t\t\t\t\t<\/div>\n\t\t<\/div>\n\t\t\t\t\t\t\t<\/div>\n\t\t<\/section>\n\t\t\t\t<section class=\"elementor-section elementor-top-section elementor-element elementor-element-7cb8cd24 elementor-section-boxed elementor-section-height-default elementor-section-height-default parallax_section_no qode_elementor_container_no\" data-id=\"7cb8cd24\" data-element_type=\"section\">\n\t\t\t\t\t\t<div class=\"elementor-container elementor-column-gap-default\">\n\t\t\t\t\t<div class=\"elementor-column elementor-col-100 elementor-top-column elementor-element elementor-element-36f8141\" data-id=\"36f8141\" data-element_type=\"column\">\n\t\t\t<div class=\"elementor-widget-wrap\">\n\t\t\t\t\t\t\t\t\t<\/div>\n\t\t<\/div>\n\t\t\t\t\t\t\t<\/div>\n\t\t<\/section>\n\t\t\t\t\t\t\t<\/div>","protected":false},"excerpt":{"rendered":"<p>Landverkehre Wir bieten zuverl\u00e4ssige und flexible L\u00f6sungen f\u00fcr nationale und internationale Stra\u00dfentransporte \u2013 ob Teil- oder Komplettladungen. Lagerung Wir bieten Lagerl\u00f6sungen im In- und Ausland \u2013 f\u00fcr alle Branchen, in offenen und zollgebundenen Lagern sowie Logistikzentren. Luftfracht F\u00fcr zeitkritische Sendungen bieten wir globale Luftfrachtl\u00f6sungen mit&#8230;<\/p>","protected":false},"author":1,"featured_media":1313,"parent":0,"menu_order":0,"comment_status":"closed","ping_status":"closed","template":"full_width.php","meta":[],"_links":{"self":[{"href":"https:\/\/fideslogistics.com\/en\/wp-json\/wp\/v2\/pages\/234"}],"collection":[{"href":"https:\/\/fideslogistics.com\/en\/wp-json\/wp\/v2\/pages"}],"about":[{"href":"https:\/\/fideslogistics.com\/en\/wp-json\/wp\/v2\/types\/page"}],"author":[{"embeddable":true,"href":"https:\/\/fideslogistics.com\/en\/wp-json\/wp\/v2\/users\/1"}],"replies":[{"embeddable":true,"href":"https:\/\/fideslogistics.com\/en\/wp-json\/wp\/v2\/comments?post=234"}],"version-history":[{"count":56,"href":"https:\/\/fideslogistics.com\/en\/wp-json\/wp\/v2\/pages\/234\/revisions"}],"predecessor-version":[{"id":1830,"href":"https:\/\/fideslogistics.com\/en\/wp-json\/wp\/v2\/pages\/234\/revisions\/1830"}],"wp:featuredmedia":[{"embeddable":true,"href":"https:\/\/fideslogistics.com\/en\/wp-json\/wp\/v2\/media\/1313"}],"wp:attachment":[{"href":"https:\/\/fideslogistics.com\/en\/wp-json\/wp\/v2\/media?parent=234"}],"curies":[{"name":"wp","href":"https:\/\/api.w.org\/{rel}","templated":true}]}}