{"id":1341,"date":"2025-05-10T01:26:42","date_gmt":"2025-05-09T22:26:42","guid":{"rendered":"https:\/\/fideslogistics.com\/?page_id=1341"},"modified":"2025-06-26T18:38:59","modified_gmt":"2025-06-26T15:38:59","slug":"botschaft-des-praesidenten","status":"publish","type":"page","link":"https:\/\/fideslogistics.com\/tr\/botschaft-des-praesidenten\/","title":{"rendered":"Ba\u015fkan\u0131n Mesaj\u0131"},"content":{"rendered":"<div data-elementor-type=\"wp-page\" data-elementor-id=\"1341\" class=\"elementor elementor-1341\">\n\t\t\t\t\t\t\t\t\t<section class=\"elementor-section elementor-top-section elementor-element elementor-element-38a8565 elementor-section-full_width elementor-section-stretched elementor-section-height-default elementor-section-height-default parallax_section_no qode_elementor_container_no\" data-id=\"38a8565\" data-element_type=\"section\" data-settings=\"{&quot;stretch_section&quot;:&quot;section-stretched&quot;}\">\n\t\t\t\t\t\t<div class=\"elementor-container elementor-column-gap-no\">\n\t\t\t\t\t<div class=\"elementor-column elementor-col-100 elementor-top-column elementor-element elementor-element-4048c1e\" data-id=\"4048c1e\" data-element_type=\"column\">\n\t\t\t<div class=\"elementor-widget-wrap elementor-element-populated\">\n\t\t\t\t\t\t\t\t<div class=\"elementor-element elementor-element-71ff448 elementor-widget elementor-widget-image\" data-id=\"71ff448\" data-element_type=\"widget\" data-widget_type=\"image.default\">\n\t\t\t\t<div class=\"elementor-widget-container\">\n\t\t\t\t\t\t\t\t\t\t\t\t\t\t\t<img width=\"1920\" height=\"600\" src=\"https:\/\/fideslogistics.com\/wp-content\/uploads\/2025\/06\/rafet_uyanik_2-1.png\" class=\"attachment-full size-full\" alt=\"\" loading=\"lazy\" srcset=\"https:\/\/fideslogistics.com\/wp-content\/uploads\/2025\/06\/rafet_uyanik_2-1.png 1920w, https:\/\/fideslogistics.com\/wp-content\/uploads\/2025\/06\/rafet_uyanik_2-1-300x94.png 300w, https:\/\/fideslogistics.com\/wp-content\/uploads\/2025\/06\/rafet_uyanik_2-1-1024x320.png 1024w, https:\/\/fideslogistics.com\/wp-content\/uploads\/2025\/06\/rafet_uyanik_2-1-768x240.png 768w, https:\/\/fideslogistics.com\/wp-content\/uploads\/2025\/06\/rafet_uyanik_2-1-1536x480.png 1536w, https:\/\/fideslogistics.com\/wp-content\/uploads\/2025\/06\/rafet_uyanik_2-1-18x6.png 18w, https:\/\/fideslogistics.com\/wp-content\/uploads\/2025\/06\/rafet_uyanik_2-1-700x219.png 700w\" sizes=\"(max-width: 1920px) 100vw, 1920px\" \/>\t\t\t\t\t\t\t\t\t\t\t\t\t\t\t<\/div>\n\t\t\t\t<\/div>\n\t\t\t\t\t<\/div>\n\t\t<\/div>\n\t\t\t\t\t\t\t<\/div>\n\t\t<\/section>\n\t\t\t\t<section class=\"elementor-section elementor-top-section elementor-element elementor-element-c594e04 elementor-section-boxed elementor-section-height-default elementor-section-height-default parallax_section_no qode_elementor_container_no\" data-id=\"c594e04\" data-element_type=\"section\">\n\t\t\t\t\t\t<div class=\"elementor-container elementor-column-gap-default\">\n\t\t\t\t\t<div class=\"elementor-column elementor-col-100 elementor-top-column elementor-element elementor-element-cdda0e8\" data-id=\"cdda0e8\" data-element_type=\"column\">\n\t\t\t<div class=\"elementor-widget-wrap elementor-element-populated\">\n\t\t\t\t\t\t\t\t<div class=\"elementor-element elementor-element-346bb07 elementor-widget elementor-widget-spacer\" data-id=\"346bb07\" data-element_type=\"widget\" data-widget_type=\"spacer.default\">\n\t\t\t\t<div class=\"elementor-widget-container\">\n\t\t\t\t\t<div class=\"elementor-spacer\">\n\t\t\t<div class=\"elementor-spacer-inner\"><\/div>\n\t\t<\/div>\n\t\t\t\t<\/div>\n\t\t\t\t<\/div>\n\t\t\t\t\t<\/div>\n\t\t<\/div>\n\t\t\t\t\t\t\t<\/div>\n\t\t<\/section>\n\t\t\t\t<section class=\"elementor-section elementor-top-section elementor-element elementor-element-9af3b72 elementor-section-boxed elementor-section-height-default elementor-section-height-default parallax_section_no qode_elementor_container_no\" data-id=\"9af3b72\" data-element_type=\"section\">\n\t\t\t\t\t\t<div class=\"elementor-container elementor-column-gap-default\">\n\t\t\t\t\t<div class=\"elementor-column elementor-col-100 elementor-top-column elementor-element elementor-element-6e47e85\" data-id=\"6e47e85\" data-element_type=\"column\">\n\t\t\t<div class=\"elementor-widget-wrap elementor-element-populated\">\n\t\t\t\t\t\t\t\t<div class=\"elementor-element elementor-element-695c475 elementor-widget elementor-widget-qi_addons_for_elementor_blockquote\" data-id=\"695c475\" data-element_type=\"widget\" data-widget_type=\"qi_addons_for_elementor_blockquote.default\">\n\t\t\t\t<div class=\"elementor-widget-container\">\n\t\t\t<div class=\"qodef-shortcode qodef-m  qodef-qi-blockquote qodef-layout--inline qodef--icon-pack\">\n\t\t\t<p class=\"qodef-m-text\">\n\t\t\t\t\t\t\t<span class=\"qodef-m-icon\">\n\t\t\t\t\t<i aria-hidden=\"true\" class=\"fas fa-quote-right\"><\/i>\t\t\t\t<\/span>\n\t\t\t\t\t\tDe\u011ferli M\u00fc\u015fterilerimiz, De\u011ferli \u0130\u015f Ortaklar\u0131m\u0131z, Sayg\u0131de\u011fer \u00c7al\u0131\u015fanlar\u0131m\u0131z ve Dostlar\u0131m\u0131z,\n\t\t<\/p>\n\t<\/div>\n\t\t<\/div>\n\t\t\t\t<\/div>\n\t\t\t\t<div class=\"elementor-element elementor-element-f8f9dbd elementor-widget elementor-widget-text-editor\" data-id=\"f8f9dbd\" data-element_type=\"widget\" data-widget_type=\"text-editor.default\">\n\t\t\t\t<div class=\"elementor-widget-container\">\n\t\t\t\t\t\t\t<p>Fides Logistics GmbH'de misyonumuz, bu teslimat s\u00fcre\u00e7lerini y\u00f6nlendirmek ve optimize etmektir - Almanya genelinde, Avrupa genelinde ve uluslararas\u0131 alanda. M\u00fckemmelli\u011fe olan ba\u011fl\u0131l\u0131\u011f\u0131m\u0131zla, profesyonellik, hassasiyet ve g\u00fcvenilirlik yoluyla m\u00fc\u015fterilerimize somut katma de\u011fer sa\u011flamaya \u00e7al\u0131\u015f\u0131yoruz.<\/p><p>\u00a0<\/p><p>Fides Logistics GmbH'de misyonumuz, bu teslimat s\u00fcre\u00e7lerini y\u00f6nlendirmek ve optimize etmektir - Almanya genelinde, Avrupa genelinde ve uluslararas\u0131 alanda. M\u00fckemmelli\u011fe olan ba\u011fl\u0131l\u0131\u011f\u0131m\u0131zla, profesyonellik, hassasiyet ve g\u00fcvenilirlik yoluyla m\u00fc\u015fterilerimize somut katma de\u011fer sa\u011flamaya \u00e7al\u0131\u015f\u0131yoruz.<\/p><p>\u00a0<\/p><p>M\u00fc\u015fterilerimize ve i\u015f ortaklar\u0131m\u0131za, onlar\u0131n \u00f6zel lojistik gereksinimlerine g\u00f6re tasarlanm\u0131\u015f, \u00e7\u00f6z\u00fcm odakl\u0131 hizmetler sunmaktan gurur duyuyoruz.<\/p><p>Lojisti\u011fe olan sars\u0131lmaz tutkumuz, kuruldu\u011fumuz g\u00fcnk\u00fc co\u015fku ve \u00f6zveriyle teslimat yapmam\u0131z\u0131 sa\u011flar. \u015eirketimizin g\u00fcc\u00fc, son derece kalifiye ekibimizde ve her ikisi de hizmet m\u00fckemmelli\u011fimizin omurgas\u0131n\u0131 olu\u015fturan sa\u011flam uluslararas\u0131 ortak a\u011f\u0131m\u0131zda yatmaktad\u0131r.\nBirlikte, grupaj y\u00fckten tam kamyon y\u00fcklerine kadar uzanan verimli, y\u00fcksek kaliteli \u00e7\u00f6z\u00fcmlerin d\u00fcr\u00fcstl\u00fckle ve rekabet\u00e7i ko\u015fullarda teslim edilmesini sa\u011flarlar.<\/p><p>\u00a0<\/p><p>De\u011ferlerimizin \u00f6z\u00fcnde m\u00fc\u015fteri memnuniyeti ve \u00e7al\u0131\u015fanlar\u0131m\u0131z\u0131n refah\u0131 yer al\u0131r. Bu ilkeler \u015firketimizin s\u00fcrd\u00fcr\u00fclebilir b\u00fcy\u00fcmesi ve istihdam olanaklar\u0131n\u0131n s\u00fcrekli geni\u015flemesi i\u00e7in olmazsa olmazd\u0131r.\u00a0<\/p><p>\u00a0<\/p><p>Bununla birlikte, ilerleme aray\u0131\u015f\u0131m\u0131z asla \u00e7evresel sorumluluk pahas\u0131na olmamal\u0131d\u0131r. Ekolojik ayak izimizi en aza indirmeye ve operasyonlar\u0131m\u0131z boyunca s\u00fcrd\u00fcr\u00fclebilir uygulamalar\u0131 te\u015fvik etmeye tamamen ba\u011fl\u0131y\u0131z.<\/p><p>En \u00f6nemli hedefimiz, hizmet portf\u00f6y\u00fcm\u00fcz\u00fc s\u00fcrekli geli\u015ftirerek, operasyonel kapasitemizi geni\u015fleterek ve en y\u00fcksek etik, d\u00fcr\u00fcstl\u00fck ve hesap verebilirlik standartlar\u0131n\u0131 koruyarak sekt\u00f6r\u00fcm\u00fcze kal\u0131c\u0131 ve olumlu bir katk\u0131da bulunmakt\u0131r.<\/p><p>\u00a0<\/p><p><strong>Rafet Uyan\u0131k<\/strong><br \/><em>Rafet Uyan\u0131k \u2013 Y\u00f6netim Kurulu Ba\u015fkan\u0131<\/em><br \/><em>Fides Logistics GmbH<\/em><\/p><p>\u00a0<\/p>\t\t\t\t\t\t<\/div>\n\t\t\t\t<\/div>\n\t\t\t\t\t<\/div>\n\t\t<\/div>\n\t\t\t\t\t\t\t<\/div>\n\t\t<\/section>\n\t\t\t\t<section class=\"elementor-section elementor-top-section elementor-element elementor-element-8fa26e8 elementor-section-boxed elementor-section-height-default elementor-section-height-default parallax_section_no qode_elementor_container_no\" data-id=\"8fa26e8\" data-element_type=\"section\">\n\t\t\t\t\t\t<div class=\"elementor-container elementor-column-gap-default\">\n\t\t\t\t\t<div class=\"elementor-column elementor-col-100 elementor-top-column elementor-element elementor-element-b8f99da\" data-id=\"b8f99da\" data-element_type=\"column\">\n\t\t\t<div class=\"elementor-widget-wrap elementor-element-populated\">\n\t\t\t\t\t\t\t\t<div class=\"elementor-element elementor-element-7846da9 elementor-widget elementor-widget-spacer\" data-id=\"7846da9\" data-element_type=\"widget\" data-widget_type=\"spacer.default\">\n\t\t\t\t<div class=\"elementor-widget-container\">\n\t\t\t\t\t<div class=\"elementor-spacer\">\n\t\t\t<div class=\"elementor-spacer-inner\"><\/div>\n\t\t<\/div>\n\t\t\t\t<\/div>\n\t\t\t\t<\/div>\n\t\t\t\t\t<\/div>\n\t\t<\/div>\n\t\t\t\t\t\t\t<\/div>\n\t\t<\/section>\n\t\t\t\t\t\t\t<\/div>","protected":false},"excerpt":{"rendered":"<p>Sehr geehrte Kunden und Gesch\u00e4ftspartner, liebe Mitarbeiter und Freunde, Die Logistik geh\u00f6rt zu den kritischsten Branchen der Welt. Die Verantwortung die es \u00fcbernimmt ist von gro\u00dfer Bedeutung f\u00fcr das reibungslose Funktionieren des Wertsch\u00f6pfungsprozesses. Als Fides Logistics GmbH haben wir es uns zum Ziel gesetzt diesen&#8230;<\/p>","protected":false},"author":1,"featured_media":0,"parent":0,"menu_order":0,"comment_status":"closed","ping_status":"closed","template":"","meta":[],"_links":{"self":[{"href":"https:\/\/fideslogistics.com\/tr\/wp-json\/wp\/v2\/pages\/1341"}],"collection":[{"href":"https:\/\/fideslogistics.com\/tr\/wp-json\/wp\/v2\/pages"}],"about":[{"href":"https:\/\/fideslogistics.com\/tr\/wp-json\/wp\/v2\/types\/page"}],"author":[{"embeddable":true,"href":"https:\/\/fideslogistics.com\/tr\/wp-json\/wp\/v2\/users\/1"}],"replies":[{"embeddable":true,"href":"https:\/\/fideslogistics.com\/tr\/wp-json\/wp\/v2\/comments?post=1341"}],"version-history":[{"count":36,"href":"https:\/\/fideslogistics.com\/tr\/wp-json\/wp\/v2\/pages\/1341\/revisions"}],"predecessor-version":[{"id":1696,"href":"https:\/\/fideslogistics.com\/tr\/wp-json\/wp\/v2\/pages\/1341\/revisions\/1696"}],"wp:attachment":[{"href":"https:\/\/fideslogistics.com\/tr\/wp-json\/wp\/v2\/media?parent=1341"}],"curies":[{"name":"wp","href":"https:\/\/api.w.org\/{rel}","templated":true}]}}