{"id":1500,"date":"2025-06-12T15:44:42","date_gmt":"2025-06-12T12:44:42","guid":{"rendered":"https:\/\/fideslogistics.com\/?page_id=1500"},"modified":"2025-06-26T22:31:59","modified_gmt":"2025-06-26T19:31:59","slug":"kontakt","status":"publish","type":"page","link":"https:\/\/fideslogistics.com\/tr\/kontakt\/","title":{"rendered":"\u0130leti\u015fim"},"content":{"rendered":"<div data-elementor-type=\"wp-page\" data-elementor-id=\"1500\" class=\"elementor elementor-1500\">\n\t\t\t\t\t\t\t\t\t<section class=\"elementor-section elementor-top-section elementor-element elementor-element-6842368e elementor-section-boxed elementor-section-height-default elementor-section-height-default parallax_section_no qode_elementor_container_no\" data-id=\"6842368e\" data-element_type=\"section\">\n\t\t\t\t\t\t<div class=\"elementor-container elementor-column-gap-default\">\n\t\t\t\t\t<div class=\"elementor-column elementor-col-100 elementor-top-column elementor-element elementor-element-7fa38b8\" data-id=\"7fa38b8\" data-element_type=\"column\">\n\t\t\t<div class=\"elementor-widget-wrap\">\n\t\t\t\t\t\t\t\t\t<\/div>\n\t\t<\/div>\n\t\t\t\t\t\t\t<\/div>\n\t\t<\/section>\n\t\t\t\t<section class=\"elementor-section elementor-top-section elementor-element elementor-element-cf1eea3 elementor-section-boxed elementor-section-height-default elementor-section-height-default parallax_section_no qode_elementor_container_no\" data-id=\"cf1eea3\" data-element_type=\"section\">\n\t\t\t\t\t\t<div class=\"elementor-container elementor-column-gap-default\">\n\t\t\t\t\t<div class=\"elementor-column elementor-col-50 elementor-top-column elementor-element elementor-element-70e0dc6\" data-id=\"70e0dc6\" data-element_type=\"column\">\n\t\t\t<div class=\"elementor-widget-wrap elementor-element-populated\">\n\t\t\t\t\t\t\t\t<div class=\"elementor-element elementor-element-f9578b3 elementor-widget elementor-widget-google_maps\" data-id=\"f9578b3\" data-element_type=\"widget\" data-widget_type=\"google_maps.default\">\n\t\t\t\t<div class=\"elementor-widget-container\">\n\t\t\t\t\t<div class=\"elementor-custom-embed\">\n\t\t\t<iframe frameborder=\"0\" scrolling=\"no\" marginheight=\"0\" marginwidth=\"0\"\n\t\t\t\t\tsrc=\"https:\/\/maps.google.com\/maps?q=Parkstra%C3%9Fe%2018%2C%2086462%20Langweid%20am%20Lech%2C%20Almanya&#038;t=m&#038;z=14&#038;output=embed&#038;iwloc=near\"\n\t\t\t\t\ttitle=\"Parkstra\u00dfe 18, 86462 Langweid am Lech, Almanya\"\n\t\t\t\t\taria-label=\"Parkstra\u00dfe 18, 86462 Langweid am Lech, Almanya\"\n\t\t\t><\/iframe>\n\t\t<\/div>\n\t\t\t\t<\/div>\n\t\t\t\t<\/div>\n\t\t\t\t\t<\/div>\n\t\t<\/div>\n\t\t\t\t<div class=\"elementor-column elementor-col-50 elementor-top-column elementor-element elementor-element-ccd9600\" data-id=\"ccd9600\" data-element_type=\"column\">\n\t\t\t<div class=\"elementor-widget-wrap elementor-element-populated\">\n\t\t\t\t\t\t\t\t<div class=\"elementor-element elementor-element-94ae69c elementor-widget elementor-widget-text-editor\" data-id=\"94ae69c\" data-element_type=\"widget\" data-widget_type=\"text-editor.default\">\n\t\t\t\t<div class=\"elementor-widget-container\">\n\t\t\t\t\t\t\t<p><strong>Fides Logistics GmbH<\/strong><\/p><p>Merkez Ofis Santral \u0130leti\u015fim Bilgileri<\/p><p>Adres: Parkstra\u00dfe 18, 86462 Langweid am Lech, Deutschland<\/p><p>Telefon:\u00a0 +49 821 470 13 108<\/p><p>E-Mail:\u00a0\u00a0\u00a0 <a href=\"mailto:info@fideslogistics.com\">info@fideslogistics.com<\/a><\/p><p>\u00a0<\/p><p><strong>T\u00fcrkiye Orta\u011f\u0131<\/strong><\/p><p><strong>Yeka\u015f Fides Global Lojistik A.S.<\/strong><\/p><p>Bar\u0131\u015f Mah. Belediye Cad. Ginza Lavinya Park Sitesi No:30 A Blok Kat:9\/79, Beylikd\u00fcz\u00fc \/ \u0130stanbul<\/p><p><strong>Telefon<\/strong>\u00a0 +90 212 910 0000<\/p><p><strong>E-Mail:<\/strong>\u00a0\u00a0 \u00a0<a href=\"mailto:info@yekas.com\">info@yekas.com<\/a><\/p><p>\u00a0<\/p><p><strong>Kay\u0131tl\u0131 Bilgiler<\/strong>:\u00a0 Amtsgericht Augsburg HRB 39393<\/p><p><strong>Vergi Kimlik No:<\/strong>\u00a0 DE264126656<\/p><p><strong>Vergi No:<\/strong>\u00a0 102\/126\/40307<\/p><p><strong>EORI No:<\/strong>\u00a0 DE 7241003<\/p><p>\u00a0<\/p><p><strong>Direkt\u00f6r:<\/strong>\u00a0 Mehmet Rafet Uyanik<\/p><p>Yaln\u0131zca Alman Ta\u015f\u0131mac\u0131l\u0131k Acenteleri Standart \u015eartlar\u0131 ve Ko\u015fullar\u0131'n\u0131n (ADSp) en son s\u00fcr\u00fcm\u00fcne uygun olarak faaliyet g\u00f6steriyoruz. L\u00fctfen ADSp'nin 23. ve sonraki b\u00f6l\u00fcmlerinde belirtilen sorumluluk s\u0131n\u0131rlamalar\u0131na dikkat edin.<\/p>\t\t\t\t\t\t<\/div>\n\t\t\t\t<\/div>\n\t\t\t\t\t<\/div>\n\t\t<\/div>\n\t\t\t\t\t\t\t<\/div>\n\t\t<\/section>\n\t\t\t\t<section class=\"elementor-section elementor-top-section elementor-element elementor-element-2a1fcb1 elementor-section-boxed elementor-section-height-default elementor-section-height-default parallax_section_no qode_elementor_container_no\" data-id=\"2a1fcb1\" data-element_type=\"section\">\n\t\t\t\t\t\t<div class=\"elementor-container elementor-column-gap-default\">\n\t\t\t\t\t<div class=\"elementor-column elementor-col-100 elementor-top-column elementor-element elementor-element-8db1f1c\" data-id=\"8db1f1c\" data-element_type=\"column\">\n\t\t\t<div class=\"elementor-widget-wrap elementor-element-populated\">\n\t\t\t\t\t\t\t\t<div class=\"elementor-element elementor-element-aaef141 elementor-widget elementor-widget-spacer\" data-id=\"aaef141\" data-element_type=\"widget\" data-widget_type=\"spacer.default\">\n\t\t\t\t<div class=\"elementor-widget-container\">\n\t\t\t\t\t<div class=\"elementor-spacer\">\n\t\t\t<div class=\"elementor-spacer-inner\"><\/div>\n\t\t<\/div>\n\t\t\t\t<\/div>\n\t\t\t\t<\/div>\n\t\t\t\t\t<\/div>\n\t\t<\/div>\n\t\t\t\t\t\t\t<\/div>\n\t\t<\/section>\n\t\t\t\t\t\t\t<\/div>","protected":false},"excerpt":{"rendered":"<p>Fides Logistics GmbH Zentrale Langweid bei Augsburg Adresse: Parkstra\u00dfe 18, 86462 Langweid am Lech, Deutschland Telefon:\u00a0 +49 821 470 13 108 E-Mail:\u00a0\u00a0\u00a0 info@fideslogistics.com \u00a0 Korrespondenzpartner T\u00fcrkei Yeka\u015f Fides Global Lojistik A.S. Bar\u0131\u015f Mah. Belediye Cad. Ginza Lavinya Park Sitesi No:30 A Blok Kat:9\/79, Beylikd\u00fcz\u00fc \/&#8230;<\/p>","protected":false},"author":1,"featured_media":0,"parent":0,"menu_order":0,"comment_status":"closed","ping_status":"closed","template":"full_width.php","meta":[],"_links":{"self":[{"href":"https:\/\/fideslogistics.com\/tr\/wp-json\/wp\/v2\/pages\/1500"}],"collection":[{"href":"https:\/\/fideslogistics.com\/tr\/wp-json\/wp\/v2\/pages"}],"about":[{"href":"https:\/\/fideslogistics.com\/tr\/wp-json\/wp\/v2\/types\/page"}],"author":[{"embeddable":true,"href":"https:\/\/fideslogistics.com\/tr\/wp-json\/wp\/v2\/users\/1"}],"replies":[{"embeddable":true,"href":"https:\/\/fideslogistics.com\/tr\/wp-json\/wp\/v2\/comments?post=1500"}],"version-history":[{"count":28,"href":"https:\/\/fideslogistics.com\/tr\/wp-json\/wp\/v2\/pages\/1500\/revisions"}],"predecessor-version":[{"id":1773,"href":"https:\/\/fideslogistics.com\/tr\/wp-json\/wp\/v2\/pages\/1500\/revisions\/1773"}],"wp:attachment":[{"href":"https:\/\/fideslogistics.com\/tr\/wp-json\/wp\/v2\/media?parent=1500"}],"curies":[{"name":"wp","href":"https:\/\/api.w.org\/{rel}","templated":true}]}}