{"id":172,"date":"2016-10-31T16:04:18","date_gmt":"2016-10-31T13:04:18","guid":{"rendered":"http:\/\/bridge84.qodeinteractive.com\/?page_id=172"},"modified":"2022-10-26T09:44:43","modified_gmt":"2022-10-26T06:44:43","slug":"hakkimizda","status":"publish","type":"page","link":"https:\/\/fideslogistics.com\/tr\/hakkimizda\/","title":{"rendered":"Hakk\u0131m\u0131zda"},"content":{"rendered":"<div      class=\"vc_row wpb_row section vc_row-fluid  vc_custom_1477930462554 grid_section\" style=' text-align:left;'><div class=\"section_inner clearfix\"><div class='section_inner_margin clearfix'><div class=\"wpb_column vc_column_container vc_col-sm-12 vc_col-lg-6 vc_col-md-6\"><div class=\"vc_column-inner\"><div class=\"wpb_wrapper\">\t<div class=\"vc_empty_space\"  style=\"height: 18px\" ><span\n\t\t\tclass=\"vc_empty_space_inner\">\n\t\t\t<span class=\"empty_space_image\"  ><\/span>\n\t\t<\/span><\/div>\n\n\n\t<div class=\"wpb_text_column wpb_content_element\">\n\t\t<div class=\"wpb_wrapper\">\n\t\t\t<p align=\"justify\">Fides Logistics GmbH olarak kuruldu\u011fumuz y\u0131ldan bu yana hizmet \u00e7e\u015fitlili\u011fimizi ve kalitemizi her ge\u00e7en g\u00fcn art\u0131r\u0131yoruz. \u015eeffaf, g\u00fcvenilir ve m\u00fc\u015fteri odakl\u0131 lojistik hizmetler sunuyoruz. M\u00fc\u015fterilerimizin beklentilerine uygun fiyat ve kaliteli hizmeti bir arada sunarak t\u00fcm sorumluluklar\u0131m\u0131z\u0131 yerine getiriyoruz. T\u00fcm y\u00fckleri var\u0131\u015f noktas\u0131na g\u00fcvenle ula\u015ft\u0131r\u0131yor, \u015firketinize \u00f6zel \u00e7\u00f6z\u00fcmlerimizle fark yarat\u0131yoruz.<\/p>\n\n\t\t<\/div> \n\t<\/div> \t<div class=\"vc_empty_space\"  style=\"height: 18px\" ><span\n\t\t\tclass=\"vc_empty_space_inner\">\n\t\t\t<span class=\"empty_space_image\"  ><\/span>\n\t\t<\/span><\/div>\n\n\n\t<div class=\"wpb_text_column wpb_content_element\">\n\t\t<div class=\"wpb_wrapper\">\n\t\t\t<p align=\"justify\">Ekibimiz, yenilikleri yak\u0131ndan takip eden ve profesyonel \u00e7al\u0131\u015fma arkada\u015flar\u0131m\u0131zdan olu\u015fuyor. Bu sayede sizi bir ad\u0131m ileri ta\u015f\u0131mam\u0131z kolayla\u015f\u0131yor.<\/p>\n\n\t\t<\/div> \n\t<\/div> \t<div class=\"vc_empty_space\"  style=\"height: 8px\" ><span\n\t\t\tclass=\"vc_empty_space_inner\">\n\t\t\t<span class=\"empty_space_image\"  ><\/span>\n\t\t<\/span><\/div>\n\n\n\t<div class=\"wpb_text_column wpb_content_element\">\n\t\t<div class=\"wpb_wrapper\">\n\t\t\t<p align=\"justify\">Almanya'daki Fides Logistics GmbH \u015fubeleri, k\u0131ta genelinde en k\u0131sa transit s\u00fcrelerini garanti eden Avrupa \u00e7ap\u0131nda bir nakliye ve da\u011f\u0131t\u0131m a\u011f\u0131 i\u015fletmektedir.\nAvrupa genelindeki acentelerimiz ve tan\u0131nm\u0131\u015f lojistik ortaklar\u0131m\u0131z sayesinde, Avrupa i\u00e7inde nakliyeleri verimli bir \u015fekilde ve adil ko\u015fullarda organize edebiliyoruz.\nT\u00fcrkiye'ye nakliye i\u00e7in g\u00fcmr\u00fck belgeleri ve g\u00fcmr\u00fckleme dahil olmak \u00fczere \u00f6zel uzmanl\u0131k gereklidir.\n\u0130stanbul'daki kendi ofisimiz ile her iki tarafta da bu \u00f6zel gereksinimleri kar\u015f\u0131lamak i\u00e7in iyi bir donan\u0131ma sahibiz.<\/p>\n\n\t\t<\/div> \n\t<\/div> <\/div><\/div><\/div><div class=\"wpb_column vc_column_container vc_col-sm-12 vc_col-lg-6 vc_col-md-6\"><div class=\"vc_column-inner\"><div class=\"wpb_wrapper\">\t<div class=\"vc_empty_space\"  style=\"height: 8px\" ><span\n\t\t\tclass=\"vc_empty_space_inner\">\n\t\t\t<span class=\"empty_space_image\"  ><\/span>\n\t\t<\/span><\/div>\n\n\n\t<div class=\"wpb_single_image wpb_content_element vc_align_left\">\n\t\t<div class=\"wpb_wrapper\">\n\t\t\t\n\t\t\t<div class=\"vc_single_image-wrapper   vc_box_border_grey\"><img width=\"1920\" height=\"840\" src=\"https:\/\/fideslogistics.com\/wp-content\/uploads\/2021\/06\/fides-logistics-gmbh-almanya-lojistik008.jpg\" class=\"vc_single_image-img attachment-full\" alt=\"\" loading=\"lazy\" srcset=\"https:\/\/fideslogistics.com\/wp-content\/uploads\/2021\/06\/fides-logistics-gmbh-almanya-lojistik008.jpg 1920w, https:\/\/fideslogistics.com\/wp-content\/uploads\/2021\/06\/fides-logistics-gmbh-almanya-lojistik008-300x131.jpg 300w, https:\/\/fideslogistics.com\/wp-content\/uploads\/2021\/06\/fides-logistics-gmbh-almanya-lojistik008-1024x448.jpg 1024w, https:\/\/fideslogistics.com\/wp-content\/uploads\/2021\/06\/fides-logistics-gmbh-almanya-lojistik008-768x336.jpg 768w, https:\/\/fideslogistics.com\/wp-content\/uploads\/2021\/06\/fides-logistics-gmbh-almanya-lojistik008-1536x672.jpg 1536w, https:\/\/fideslogistics.com\/wp-content\/uploads\/2021\/06\/fides-logistics-gmbh-almanya-lojistik008-700x306.jpg 700w\" sizes=\"(max-width: 1920px) 100vw, 1920px\" \/><\/div>\n\t\t<\/div>\n\t<\/div>\n<\/div><\/div><\/div><\/div><\/div><\/div><div      class=\"vc_row wpb_row section vc_row-fluid  vc_custom_1477930468034 grid_section\" style=' text-align:left;'><div class=\"section_inner clearfix\"><div class='section_inner_margin clearfix'><div class=\"wpb_column vc_column_container vc_col-sm-12 vc_col-lg-6 vc_col-md-6\"><div class=\"vc_column-inner\"><div class=\"wpb_wrapper\"><\/div><\/div><\/div><div class=\"wpb_column vc_column_container vc_col-sm-12 vc_col-lg-6 vc_col-md-6\"><div class=\"vc_column-inner\"><div class=\"wpb_wrapper\"><\/div><\/div><\/div><\/div><\/div><\/div>","protected":false},"excerpt":{"rendered":"Fides Logistics GmbH Als Fides Logistics GmbH steigern wir seit unserer Gr\u00fcndung Tag f\u00fcr Tag unsere Servicevielfalt und Qualit\u00e4t. Wir bieten transparente, zuverl\u00e4ssige und kundenorientierte Logistikdienstleistungen. Wir erf\u00fcllen alle unsere Verantwortung, indem wir eine Kombination aus Preis und Qualit\u00e4tsservice anbieten, die den Erwartungen unserer Kunden...","protected":false},"author":1,"featured_media":0,"parent":0,"menu_order":0,"comment_status":"closed","ping_status":"closed","template":"","meta":[],"_links":{"self":[{"href":"https:\/\/fideslogistics.com\/tr\/wp-json\/wp\/v2\/pages\/172"}],"collection":[{"href":"https:\/\/fideslogistics.com\/tr\/wp-json\/wp\/v2\/pages"}],"about":[{"href":"https:\/\/fideslogistics.com\/tr\/wp-json\/wp\/v2\/types\/page"}],"author":[{"embeddable":true,"href":"https:\/\/fideslogistics.com\/tr\/wp-json\/wp\/v2\/users\/1"}],"replies":[{"embeddable":true,"href":"https:\/\/fideslogistics.com\/tr\/wp-json\/wp\/v2\/comments?post=172"}],"version-history":[{"count":11,"href":"https:\/\/fideslogistics.com\/tr\/wp-json\/wp\/v2\/pages\/172\/revisions"}],"predecessor-version":[{"id":1028,"href":"https:\/\/fideslogistics.com\/tr\/wp-json\/wp\/v2\/pages\/172\/revisions\/1028"}],"wp:attachment":[{"href":"https:\/\/fideslogistics.com\/tr\/wp-json\/wp\/v2\/media?parent=172"}],"curies":[{"name":"wp","href":"https:\/\/api.w.org\/{rel}","templated":true}]}}