{"id":1863,"date":"2025-07-08T10:41:18","date_gmt":"2025-07-08T07:41:18","guid":{"rendered":"https:\/\/fideslogistics.com\/?page_id=1863"},"modified":"2025-07-08T11:11:13","modified_gmt":"2025-07-08T08:11:13","slug":"datenschutzerklarung","status":"publish","type":"page","link":"https:\/\/fideslogistics.com\/tr\/datenschutzerklarung\/","title":{"rendered":"Gizlilik Politikas\u0131"},"content":{"rendered":"<div data-elementor-type=\"wp-page\" data-elementor-id=\"1863\" class=\"elementor elementor-1863\">\n\t\t\t\t\t\t\t\t\t<section class=\"elementor-section elementor-top-section elementor-element elementor-element-bde6355 elementor-section-boxed elementor-section-height-default elementor-section-height-default parallax_section_no qode_elementor_container_no\" data-id=\"bde6355\" data-element_type=\"section\">\n\t\t\t\t\t\t<div class=\"elementor-container elementor-column-gap-default\">\n\t\t\t\t\t<div class=\"elementor-column elementor-col-100 elementor-top-column elementor-element elementor-element-cf3de2d\" data-id=\"cf3de2d\" data-element_type=\"column\">\n\t\t\t<div class=\"elementor-widget-wrap elementor-element-populated\">\n\t\t\t\t\t\t\t\t<div class=\"elementor-element elementor-element-3b17c89 elementor-widget elementor-widget-text-editor\" data-id=\"3b17c89\" data-element_type=\"widget\" data-widget_type=\"text-editor.default\">\n\t\t\t\t<div class=\"elementor-widget-container\">\n\t\t\t\t\t\t\t<p><strong>Gizlilik Politikas\u0131<\/strong><\/p><p>Fides Logistics GmbH<br \/><em>Y\u00fcr\u00fcrl\u00fck Tarihi: 30 Haziran 2025<\/em><\/p><ol><li><strong> Genel Bilgilendirme<\/strong><\/li><\/ol><p>\u015eirketimize g\u00f6sterdi\u011finiz ilgi i\u00e7in te\u015fekk\u00fcr ederiz. Ki\u015fisel verilerinizin korunmas\u0131, Fides Logistics GmbH y\u00f6netimi i\u00e7in b\u00fcy\u00fck \u00f6nem ta\u015f\u0131maktad\u0131r. Web sitemizi ki\u015fisel veri payla\u015fmadan genel olarak kullanabilirsiniz. Ancak, web sitemiz \u00fczerinden \u00f6zel hizmetlerimizi kullanmak isterseniz, ki\u015fisel verilerinizin i\u015flenmesi gerekebilir. Bu t\u00fcr i\u015flemler i\u00e7in yasal bir dayanak yoksa, ilgili ki\u015fiden a\u00e7\u0131k r\u0131zas\u0131 al\u0131n\u0131r.<\/p><p>Ki\u015fisel verilerin (\u00f6rne\u011fin isim, adres, e-posta adresi veya telefon numaras\u0131) i\u015flenmesi her zaman Genel Veri Koruma T\u00fcz\u00fc\u011f\u00fc (GDPR) ve Almanya\u2019daki veri koruma mevzuat\u0131na uygun olarak ger\u00e7ekle\u015ftirilir.<\/p><ol start=\"2\"><li><strong> Veri Sorumlusu<\/strong><\/li><\/ol><p>Fides Logistics GmbH<br \/>Parkstra\u00dfe 18<br \/>86462 Langweid am Lech<br \/>Almanya<br \/>Tel.: +49 (0) 821 470 13 108 \u00a0<br \/>E-Mail: info@fideslogistics.com<br \/>Website: <a href=\"https:\/\/fideslogistics.com\/tr\/\">https:\/\/www.fideslogistics.com<\/a><\/p><ol start=\"4\"><li><strong> \u0130\u015fleme Ama\u00e7lar\u0131 ve Hukuki Dayanaklar<\/strong><\/li><\/ol><p>Ki\u015fisel verilerinizi \u015fu ama\u00e7larla i\u015fleriz:<\/p><ul><li>S\u00f6zle\u015fmenin ifas\u0131 i\u00e7in (Mad. 6(1)(b) GDPR)<\/li><li>Yasal y\u00fck\u00fcml\u00fcl\u00fcklerin yerine getirilmesi i\u00e7in (Mad. 6(1)(c) GDPR)<\/li><li>A\u00e7\u0131k r\u0131zan\u0131zla (Mad. 6(1)(a) GDPR)<\/li><li>Me\u015fru menfaatlerimiz do\u011frultusunda (Mad. 6(1)(f) GDPR) \u2013 \u00f6rne\u011fin BT g\u00fcvenli\u011fi veya web sitesi optimizasyonu<\/li><\/ul><ol start=\"5\"><li><strong> Ki\u015fisel Verilerin Toplanmas\u0131<\/strong><\/li><\/ol><p>Ki\u015fisel veriler a\u015fa\u011f\u0131daki durumlarda toplan\u0131r:<\/p><ul><li>Bizimle ileti\u015fime ge\u00e7ti\u011finizde (e-posta, telefon veya ileti\u015fim formu arac\u0131l\u0131\u011f\u0131yla)<\/li><li>S\u00f6zle\u015fme olu\u015fturma veya y\u00fcr\u00fctme s\u00fcrecinde<\/li><li>Web sitemizi ziyaret etti\u011finizde (IP adresi, taray\u0131c\u0131 tipi, tarih\/saat gibi teknik bilgiler)<\/li><\/ul><ol start=\"6\"><li><strong> \u00c7erezler<\/strong><\/li><\/ol><p>Web sitemiz \u00e7erezler kullanmaktad\u0131r. \u00c7erezler, kullan\u0131c\u0131 dostu hizmet sunmam\u0131za olanak tan\u0131r. Taray\u0131c\u0131 ayarlar\u0131n\u0131zdan \u00e7erezleri istedi\u011finiz zaman devre d\u0131\u015f\u0131 b\u0131rakabilirsiniz. Ancak bu durumda baz\u0131 i\u015flevler s\u0131n\u0131rl\u0131 olabilir.<\/p><ol start=\"7\"><li><strong> Veri Payla\u015f\u0131m\u0131<\/strong><\/li><\/ol><p>Bizimle ileti\u015fime ge\u00e7ti\u011finizde (e-posta, telefon veya ileti\u015fim formu arac\u0131l\u0131\u011f\u0131yla)<\/p><ul><li>S\u00f6zle\u015fmenin ifas\u0131 i\u00e7in gerekliyse<\/li><li>S\u00f6zle\u015fme olu\u015fturma veya y\u00fcr\u00fctme s\u00fcrecinde<\/li><li>A\u00e7\u0131k r\u0131zan\u0131z varsa<\/li><\/ul><p>Web sitemizi ziyaret etti\u011finizde (IP adresi, taray\u0131c\u0131 tipi, tarih\/saat gibi teknik bilgiler)<\/p><ol start=\"8\"><li><strong> Veri Saklama S\u00fcresi<\/strong><\/li><\/ol><p>Ki\u015fisel veriler, i\u015fleme amac\u0131n\u0131n gerektirdi\u011fi s\u00fcre boyunca veya yasal y\u00fck\u00fcml\u00fcl\u00fcklerin \u00f6ng\u00f6rd\u00fc\u011f\u00fc s\u00fcrece saklan\u0131r.<\/p><ol start=\"9\"><li><strong> Haklar\u0131n\u0131z<\/strong><\/li><\/ol><p>GDPR kapsam\u0131nda a\u015fa\u011f\u0131daki haklara sahipsiniz:<\/p><ul><li>Bilgi alma hakk\u0131 (Mad. 15)<\/li><li>D\u00fczeltme hakk\u0131 (Mad. 16)<\/li><li>Silme hakk\u0131 (Mad. 17)<\/li><li>\u0130\u015flemenin k\u0131s\u0131tlanmas\u0131 hakk\u0131 (Mad. 18)<\/li><li>Veri ta\u015f\u0131nabilirli\u011fi hakk\u0131 (Mad. 20)<\/li><li>\u0130\u015fleme itiraz hakk\u0131 (Mad. 21)<\/li><li>R\u0131zay\u0131 geri \u00e7ekme hakk\u0131 (Mad. 7(3))<\/li><\/ul><p>Bu haklar\u0131n\u0131z\u0131 kullanmak i\u00e7in: info@fideslogistics.com adresinden bizimle ileti\u015fime ge\u00e7ebilirsiniz. <a href=\"mailto:info@fideslogistics.com\">info@fideslogistics.com<\/a><\/p><p>\u00a0<\/p><ol start=\"10\"><li><strong> \u015eikayet Hakk\u0131<\/strong><\/li><\/ol><p>Veri i\u015fleme faaliyetlerimizle ilgili olarak bir denetim makam\u0131na \u015fikayette bulunma hakk\u0131na sahipsiniz.<\/p><p>Bizim i\u00e7in yetkili denetim makam\u0131:<br \/>Promenade 27<br \/>91522 Ansbach<br \/>Almanya<br \/>Website: <a href=\"https:\/\/www.lda.bayern.de\">https:\/\/www.lda.bayern.de<\/a><\/p><ol start=\"11\"><li><strong> Bilgi G\u00fcvenli\u011fi<\/strong><\/li><\/ol><p>Veri i\u015fleme faaliyetlerimizle ilgili olarak bir denetim makam\u0131na \u015fikayette bulunma hakk\u0131na sahipsiniz. Bizim i\u00e7in yetkili denetim makam\u0131:<\/p><ol start=\"12\"><li><strong> Gizlilik \u0130lkesi<\/strong><\/li><\/ol><p>Yasal d\u00fczenlemelere veya hizmetlerimizdeki de\u011fi\u015fikliklere g\u00f6re bu gizlilik politikas\u0131n\u0131 g\u00fcncelleme hakk\u0131m\u0131z sakl\u0131d\u0131r. En g\u00fcncel versiyona her zaman web sitemizden ula\u015fabilirsiniz:<br \/><a href=\"https:\/\/fideslogistics.com\/tr\/\">https:\/\/www.fideslogistics.com<\/a> \/datenschutzerklarung\/<\/p><p>\u00a0<\/p>\t\t\t\t\t\t<\/div>\n\t\t\t\t<\/div>\n\t\t\t\t\t<\/div>\n\t\t<\/div>\n\t\t\t\t\t\t\t<\/div>\n\t\t<\/section>\n\t\t\t\t\t\t\t<\/div>","protected":false},"excerpt":{"rendered":"<p>Datenschutzerkl\u00e4rung Fides Logistics GmbH Stand: 30. Juni 2025 Allgemeines Wir freuen uns \u00fcber Ihr Interesse an unserem Unternehmen. Der Schutz Ihrer personenbezogenen Daten hat f\u00fcr die Gesch\u00e4ftsleitung der Fides Logistics GmbH einen besonders hohen Stellenwert. Die Nutzung unserer Internetseiten ist grunds\u00e4tzlich ohne Angabe personenbezogener Daten&#8230;<\/p>","protected":false},"author":1,"featured_media":0,"parent":0,"menu_order":0,"comment_status":"closed","ping_status":"closed","template":"","meta":[],"_links":{"self":[{"href":"https:\/\/fideslogistics.com\/tr\/wp-json\/wp\/v2\/pages\/1863"}],"collection":[{"href":"https:\/\/fideslogistics.com\/tr\/wp-json\/wp\/v2\/pages"}],"about":[{"href":"https:\/\/fideslogistics.com\/tr\/wp-json\/wp\/v2\/types\/page"}],"author":[{"embeddable":true,"href":"https:\/\/fideslogistics.com\/tr\/wp-json\/wp\/v2\/users\/1"}],"replies":[{"embeddable":true,"href":"https:\/\/fideslogistics.com\/tr\/wp-json\/wp\/v2\/comments?post=1863"}],"version-history":[{"count":7,"href":"https:\/\/fideslogistics.com\/tr\/wp-json\/wp\/v2\/pages\/1863\/revisions"}],"predecessor-version":[{"id":1874,"href":"https:\/\/fideslogistics.com\/tr\/wp-json\/wp\/v2\/pages\/1863\/revisions\/1874"}],"wp:attachment":[{"href":"https:\/\/fideslogistics.com\/tr\/wp-json\/wp\/v2\/media?parent=1863"}],"curies":[{"name":"wp","href":"https:\/\/api.w.org\/{rel}","templated":true}]}}