{"id":234,"date":"2016-11-01T10:37:50","date_gmt":"2016-11-01T07:37:50","guid":{"rendered":"http:\/\/bridge84.qodeinteractive.com\/?page_id=234"},"modified":"2025-06-28T17:35:42","modified_gmt":"2025-06-28T14:35:42","slug":"leistungen","status":"publish","type":"page","link":"https:\/\/fideslogistics.com\/tr\/leistungen\/","title":{"rendered":"\u00c7\u00f6z\u00fcmlerimiz"},"content":{"rendered":"<div data-elementor-type=\"wp-page\" data-elementor-id=\"234\" class=\"elementor elementor-234\">\n\t\t\t\t\t\t\t\t\t<section class=\"elementor-section elementor-top-section elementor-element elementor-element-503bbce elementor-section-boxed elementor-section-height-default elementor-section-height-default parallax_section_no qode_elementor_container_no\" data-id=\"503bbce\" data-element_type=\"section\" data-settings=\"{&quot;background_background&quot;:&quot;gradient&quot;}\">\n\t\t\t\t\t\t<div class=\"elementor-container elementor-column-gap-default\">\n\t\t\t\t\t<div class=\"elementor-column elementor-col-100 elementor-top-column elementor-element elementor-element-1d81209\" data-id=\"1d81209\" data-element_type=\"column\" data-settings=\"{&quot;background_background&quot;:&quot;classic&quot;}\">\n\t\t\t<div class=\"elementor-widget-wrap elementor-element-populated\">\n\t\t\t\t\t\t\t\t<div class=\"elementor-element elementor-element-345e32f elementor-widget elementor-widget-bridge_circles\" data-id=\"345e32f\" data-element_type=\"widget\" data-widget_type=\"bridge_circles.default\">\n\t\t\t\t<div class=\"elementor-widget-container\">\n\t\t\t\n        <ul class=\"q_circles_holder four_columns no_line\" >\n\n            <li class=\"q_circle_outer\"><a itemprop=\"url\" href=\"https:\/\/fideslogistics.com\/tr\/landverkehre\/\" target=\"_self\"><span class=\"q_circle_inner\"><span class=\"q_circle_inner2\" style=\"\"><img itemprop=\"image\" class=\"q_image_in_circle\" src=\"https:\/\/fideslogistics.com\/wp-content\/uploads\/2025\/05\/kare_gorsel_4.png\" alt=\"\" \/><\/span><\/span><\/a><div class=\"q_circle_text_holder\"><h3 class=\"q_circle_title\" style=\"\">Karayolu Ta\u015f\u0131mac\u0131l\u0131\u011f\u0131<\/h3><p class=\"q_circle_text\" style=\"\">Ulusal ve uluslararas\u0131 karayolu ta\u015f\u0131mac\u0131l\u0131\u011f\u0131nda, ister k\u0131smi y\u00fck, ister tam kamyon y\u00fck\u00fc olsun, g\u00fcvenilir ve esnek \u00e7\u00f6z\u00fcmler sunuyoruz.<\/p><\/div><\/li><li class=\"q_circle_outer\"><a itemprop=\"url\" href=\"https:\/\/fideslogistics.com\/tr\/lagerung\/\" target=\"_self\"><span class=\"q_circle_inner\"><span class=\"q_circle_inner2\" style=\"\"><img itemprop=\"image\" class=\"q_image_in_circle\" src=\"https:\/\/fideslogistics.com\/wp-content\/uploads\/2025\/05\/kare_gorsel_2.png\" alt=\"\" \/><\/span><\/span><\/a><div class=\"q_circle_text_holder\"><h3 class=\"q_circle_title\" style=\"\">Depolama<\/h3><p class=\"q_circle_text\" style=\"\">T\u00fcm sekt\u00f6rlere y\u00f6nelik, yurti\u00e7i ve yurtd\u0131\u015f\u0131 a\u00e7\u0131k veya g\u00fcmr\u00fckl\u00fc antrepolar ile lojistik merkezlerimizde depolama \u00e7\u00f6z\u00fcmleri sunuyoruz.<\/p><\/div><\/li><li class=\"q_circle_outer\"><a itemprop=\"url\" href=\"https:\/\/fideslogistics.com\/tr\/luftfracht\/\" target=\"_self\"><span class=\"q_circle_inner\"><span class=\"q_circle_inner2\" style=\"\"><img itemprop=\"image\" class=\"q_image_in_circle\" src=\"https:\/\/fideslogistics.com\/wp-content\/uploads\/2025\/06\/ucak_tasima.png\" alt=\"\" \/><\/span><\/span><\/a><div class=\"q_circle_text_holder\"><h3 class=\"q_circle_title\" style=\"\">Hava Yolu Ta\u015f\u0131mac\u0131l\u0131\u011f\u0131<\/h3><p class=\"q_circle_text\" style=\"\">Zaman a\u00e7\u0131s\u0131ndan hassas g\u00f6nderiler i\u00e7in y\u00fcksek \u00f6ncelikli, h\u0131zl\u0131 transit s\u00fcreleri ve u\u00e7tan uca g\u00f6nderi takibi ile k\u00fcresel hava kargo \u00e7\u00f6z\u00fcmleri sunuyoruz.<\/p><\/div><\/li><li class=\"q_circle_outer\"><a itemprop=\"url\" href=\"https:\/\/fideslogistics.com\/tr\/seefracht\/\" target=\"_self\"><span class=\"q_circle_inner\"><span class=\"q_circle_inner2\" style=\"\"><img itemprop=\"image\" class=\"q_image_in_circle\" src=\"https:\/\/fideslogistics.com\/wp-content\/uploads\/2025\/06\/denizyolu_1.png\" alt=\"\" \/><\/span><\/span><\/a><div class=\"q_circle_text_holder\"><h3 class=\"q_circle_title\" style=\"\">Deniz Ta\u015f\u0131mac\u0131l\u0131\u011f\u0131<\/h3><p class=\"q_circle_text\" style=\"\">K\u00fcresel kargolar\u0131n\u0131z i\u00e7in verimli deniz ta\u015f\u0131mac\u0131l\u0131\u011f\u0131 \u00e7\u00f6z\u00fcmleri \u2014 FCL'den LCL'ye ve \u00f6zelle\u015ftirilmi\u015f \u00f6zel konteyner se\u00e7eneklerine.\n\n<\/p><\/div><\/li>\n        <\/ul>\n\n        \t\t<\/div>\n\t\t\t\t<\/div>\n\t\t\t\t<div class=\"elementor-element elementor-element-4953f3e elementor-widget elementor-widget-bridge_circles\" data-id=\"4953f3e\" data-element_type=\"widget\" data-widget_type=\"bridge_circles.default\">\n\t\t\t\t<div class=\"elementor-widget-container\">\n\t\t\t\n        <ul class=\"q_circles_holder four_columns no_line\" >\n\n            <li class=\"q_circle_outer\"><a itemprop=\"url\" href=\"https:\/\/fideslogistics.com\/tr\/temperaturgefuehrte\/\" target=\"_self\"><span class=\"q_circle_inner\"><span class=\"q_circle_inner2\" style=\"\"><img itemprop=\"image\" class=\"q_image_in_circle\" src=\"https:\/\/fideslogistics.com\/wp-content\/uploads\/2025\/06\/isikontrollutasmi.png\" alt=\"\" \/><\/span><\/span><\/a><div class=\"q_circle_text_holder\"><h3 class=\"q_circle_title\" style=\"\">Is\u0131 kontroll\u00fc ta\u015f\u0131ma<\/h3><p class=\"q_circle_text\" style=\"\">S\u0131cakl\u0131k kontroll\u00fc teslimatlar i\u00e7in size \u00f6zel lojistik \u00e7\u00f6z\u00fcmleri sunuyoruz.<\/p><\/div><\/li><li class=\"q_circle_outer\"><a itemprop=\"url\" href=\"https:\/\/fideslogistics.com\/tr\/projekt-und-spezialtransporte\/\" target=\"_self\"><span class=\"q_circle_inner\"><span class=\"q_circle_inner2\" style=\"\"><img itemprop=\"image\" class=\"q_image_in_circle\" src=\"https:\/\/fideslogistics.com\/wp-content\/uploads\/2025\/06\/fides-gmbh-proje-tasimaciligi.jpg\" alt=\"\" \/><\/span><\/span><\/a><div class=\"q_circle_text_holder\"><h3 class=\"q_circle_title\" style=\"\">Proje Ta\u015f\u0131mac\u0131l\u0131\u011f\u0131<\/h3><p class=\"q_circle_text\" style=\"\">A\u011f\u0131r ve b\u00fcy\u00fck boyutlu y\u00fcklerin g\u00fcvenli ve g\u00fcvenilir bir \u015fekilde ta\u015f\u0131nmas\u0131 i\u00e7in \u00e7\u00f6z\u00fcmler geli\u015ftiriyoruz. Teslim almadan \u00e7ok \u00f6nce g\u00fcmr\u00fck i\u015flemlerine kadar bireysel planlama ve uygulamada size destek oluyoruz.<\/p><\/div><\/li><li class=\"q_circle_outer\"><a itemprop=\"url\" href=\"https:\/\/fideslogistics.com\/tr\/nationale-transporte\/\" target=\"_self\"><span class=\"q_circle_inner\"><span class=\"q_circle_inner2\" style=\"\"><img itemprop=\"image\" class=\"q_image_in_circle\" src=\"https:\/\/fideslogistics.com\/wp-content\/uploads\/2025\/06\/kare_gorsel_3.png\" alt=\"\" \/><\/span><\/span><\/a><div class=\"q_circle_text_holder\"><h3 class=\"q_circle_title\" style=\"\">Almanya \u0130\u00e7i Ta\u015f\u0131mac\u0131l\u0131k<\/h3><p class=\"q_circle_text\" style=\"\">Sistem ta\u015f\u0131mac\u0131l\u0131\u011f\u0131 \u2013 var\u0131\u015f noktam\u0131za el ele \u00e7al\u0131\u015fmak. B\u00f6lgesel ta\u015f\u0131mac\u0131l\u0131\u011f\u0131m\u0131za ek olarak, sistem i\u015f birli\u011fimiz arac\u0131l\u0131\u011f\u0131yla \u00fclke \u00e7ap\u0131nda bir a\u011f i\u015fletiyoruz.\n\n<\/p><\/div><\/li><li class=\"q_circle_outer\"><a itemprop=\"url\" href=\"https:\/\/fideslogistics.com\/tr\/intermodaler-transport\/\" target=\"_self\"><span class=\"q_circle_inner\"><span class=\"q_circle_inner2\" style=\"\"><img itemprop=\"image\" class=\"q_image_in_circle\" src=\"https:\/\/fideslogistics.com\/wp-content\/uploads\/2025\/06\/fides-gmbh-intermodal-tasimacilik.jpg\" alt=\"\" \/><\/span><\/span><\/a><div class=\"q_circle_text_holder\"><h3 class=\"q_circle_title\" style=\"\">Intermodal Ta\u015f\u0131mac\u0131l\u0131k<\/h3><p class=\"q_circle_text\" style=\"\">\u00c7evre dostu \u2013 \u200b\u200bEtkili \u2013 Uygun fiyatl\u0131\nFides Logistics GmbH olarak, intermodal ta\u015f\u0131mac\u0131l\u0131k \u00e7\u00f6z\u00fcmlerimizle maliyetleri kontrol etmenizi sa\u011fl\u0131yoruz. <\/p><\/div><\/li>\n        <\/ul>\n\n        \t\t<\/div>\n\t\t\t\t<\/div>\n\t\t\t\t\t<\/div>\n\t\t<\/div>\n\t\t\t\t\t\t\t<\/div>\n\t\t<\/section>\n\t\t\t\t<section class=\"elementor-section elementor-top-section elementor-element elementor-element-7cb8cd24 elementor-section-boxed elementor-section-height-default elementor-section-height-default parallax_section_no qode_elementor_container_no\" data-id=\"7cb8cd24\" data-element_type=\"section\">\n\t\t\t\t\t\t<div class=\"elementor-container elementor-column-gap-default\">\n\t\t\t\t\t<div class=\"elementor-column elementor-col-100 elementor-top-column elementor-element elementor-element-36f8141\" data-id=\"36f8141\" data-element_type=\"column\">\n\t\t\t<div class=\"elementor-widget-wrap\">\n\t\t\t\t\t\t\t\t\t<\/div>\n\t\t<\/div>\n\t\t\t\t\t\t\t<\/div>\n\t\t<\/section>\n\t\t\t\t\t\t\t<\/div>","protected":false},"excerpt":{"rendered":"<p>Landverkehre Wir bieten zuverl\u00e4ssige und flexible L\u00f6sungen f\u00fcr nationale und internationale Stra\u00dfentransporte \u2013 ob Teil- oder Komplettladungen. Lagerung Wir bieten Lagerl\u00f6sungen im In- und Ausland \u2013 f\u00fcr alle Branchen, in offenen und zollgebundenen Lagern sowie Logistikzentren. Luftfracht F\u00fcr zeitkritische Sendungen bieten wir globale Luftfrachtl\u00f6sungen mit&#8230;<\/p>","protected":false},"author":1,"featured_media":1313,"parent":0,"menu_order":0,"comment_status":"closed","ping_status":"closed","template":"full_width.php","meta":[],"_links":{"self":[{"href":"https:\/\/fideslogistics.com\/tr\/wp-json\/wp\/v2\/pages\/234"}],"collection":[{"href":"https:\/\/fideslogistics.com\/tr\/wp-json\/wp\/v2\/pages"}],"about":[{"href":"https:\/\/fideslogistics.com\/tr\/wp-json\/wp\/v2\/types\/page"}],"author":[{"embeddable":true,"href":"https:\/\/fideslogistics.com\/tr\/wp-json\/wp\/v2\/users\/1"}],"replies":[{"embeddable":true,"href":"https:\/\/fideslogistics.com\/tr\/wp-json\/wp\/v2\/comments?post=234"}],"version-history":[{"count":56,"href":"https:\/\/fideslogistics.com\/tr\/wp-json\/wp\/v2\/pages\/234\/revisions"}],"predecessor-version":[{"id":1830,"href":"https:\/\/fideslogistics.com\/tr\/wp-json\/wp\/v2\/pages\/234\/revisions\/1830"}],"wp:featuredmedia":[{"embeddable":true,"href":"https:\/\/fideslogistics.com\/tr\/wp-json\/wp\/v2\/media\/1313"}],"wp:attachment":[{"href":"https:\/\/fideslogistics.com\/tr\/wp-json\/wp\/v2\/media?parent=234"}],"curies":[{"name":"wp","href":"https:\/\/api.w.org\/{rel}","templated":true}]}}