{"id":532,"date":"2021-07-02T19:26:19","date_gmt":"2021-07-02T16:26:19","guid":{"rendered":"https:\/\/fideslogistics.com\/?page_id=532"},"modified":"2025-06-28T17:26:06","modified_gmt":"2025-06-28T14:26:06","slug":"temperaturgefuehrte","status":"publish","type":"page","link":"https:\/\/fideslogistics.com\/tr\/temperaturgefuehrte\/","title":{"rendered":"Is\u0131 kontroll\u00fc ta\u015f\u0131ma"},"content":{"rendered":"<div data-elementor-type=\"wp-page\" data-elementor-id=\"532\" class=\"elementor elementor-532\">\n\t\t\t\t\t\t\t\t\t<section class=\"elementor-section elementor-top-section elementor-element elementor-element-353a627 elementor-section-boxed elementor-section-height-default elementor-section-height-default parallax_section_no qode_elementor_container_no\" data-id=\"353a627\" data-element_type=\"section\">\n\t\t\t\t\t\t<div class=\"elementor-container elementor-column-gap-default\">\n\t\t\t\t\t<div class=\"elementor-column elementor-col-50 elementor-top-column elementor-element elementor-element-2b2deae\" data-id=\"2b2deae\" data-element_type=\"column\">\n\t\t\t<div class=\"elementor-widget-wrap elementor-element-populated\">\n\t\t\t\t\t\t\t\t<div class=\"elementor-element elementor-element-2b04f06 elementor-widget elementor-widget-image\" data-id=\"2b04f06\" data-element_type=\"widget\" data-widget_type=\"image.default\">\n\t\t\t\t<div class=\"elementor-widget-container\">\n\t\t\t\t\t\t\t\t\t\t\t\t\t\t\t<img width=\"1024\" height=\"1024\" src=\"https:\/\/fideslogistics.com\/wp-content\/uploads\/2025\/06\/isikontrollutasmi-1024x1024.png\" class=\"attachment-large size-large\" alt=\"\" loading=\"lazy\" srcset=\"https:\/\/fideslogistics.com\/wp-content\/uploads\/2025\/06\/isikontrollutasmi-1024x1024.png 1024w, https:\/\/fideslogistics.com\/wp-content\/uploads\/2025\/06\/isikontrollutasmi-300x300.png 300w, https:\/\/fideslogistics.com\/wp-content\/uploads\/2025\/06\/isikontrollutasmi-150x150.png 150w, https:\/\/fideslogistics.com\/wp-content\/uploads\/2025\/06\/isikontrollutasmi-768x768.png 768w, https:\/\/fideslogistics.com\/wp-content\/uploads\/2025\/06\/isikontrollutasmi-12x12.png 12w, https:\/\/fideslogistics.com\/wp-content\/uploads\/2025\/06\/isikontrollutasmi-570x570.png 570w, https:\/\/fideslogistics.com\/wp-content\/uploads\/2025\/06\/isikontrollutasmi-500x500.png 500w, https:\/\/fideslogistics.com\/wp-content\/uploads\/2025\/06\/isikontrollutasmi-1000x1000.png 1000w, https:\/\/fideslogistics.com\/wp-content\/uploads\/2025\/06\/isikontrollutasmi-700x700.png 700w, https:\/\/fideslogistics.com\/wp-content\/uploads\/2025\/06\/isikontrollutasmi-650x650.png 650w, https:\/\/fideslogistics.com\/wp-content\/uploads\/2025\/06\/isikontrollutasmi.png 1080w\" sizes=\"(max-width: 1024px) 100vw, 1024px\" \/>\t\t\t\t\t\t\t\t\t\t\t\t\t\t\t<\/div>\n\t\t\t\t<\/div>\n\t\t\t\t\t<\/div>\n\t\t<\/div>\n\t\t\t\t<div class=\"elementor-column elementor-col-50 elementor-top-column elementor-element elementor-element-a838695\" data-id=\"a838695\" data-element_type=\"column\">\n\t\t\t<div class=\"elementor-widget-wrap elementor-element-populated\">\n\t\t\t\t\t\t\t\t<div class=\"elementor-element elementor-element-87a4f20 elementor-widget elementor-widget-text-editor\" data-id=\"87a4f20\" data-element_type=\"widget\" data-widget_type=\"text-editor.default\">\n\t\t\t\t<div class=\"elementor-widget-container\">\n\t\t\t\t\t\t\t<h1>Is\u0131 Kontroll\u00fc Ta\u015f\u0131mac\u0131l\u0131k<\/h1><p>S\u0131cakl\u0131k kontroll\u00fc teslimatlar i\u00e7in size \u00f6zel lojistik \u00e7\u00f6z\u00fcmleri sunuyoruz.<\/p><p>Die Sicherheit Ihrer Produkte steht bei uns stets im Vordergrund. Wir verwalten alle unsere Sendungen nach internationalen Qualit\u00e4ts- und Sicherheitsstandards.<\/p><p>Mit unserem Know-how agieren wir als Bindeglied zwischen Einzelhandel und Industrie. Europaweit realisieren wir die Distributions- und Beschaffungslogistik f\u00fcr alle Lebensmittelsortimente und stellen so von der Abholung bis zur Zustellung die<\/p><p>fl\u00e4chendeckende Versorgung des Handels sicher.<\/p>\t\t\t\t\t\t<\/div>\n\t\t\t\t<\/div>\n\t\t\t\t\t<\/div>\n\t\t<\/div>\n\t\t\t\t\t\t\t<\/div>\n\t\t<\/section>\n\t\t\t\t<section class=\"elementor-section elementor-top-section elementor-element elementor-element-ce006b5 elementor-section-boxed elementor-section-height-default elementor-section-height-default parallax_section_no qode_elementor_container_no\" data-id=\"ce006b5\" data-element_type=\"section\">\n\t\t\t\t\t\t<div class=\"elementor-container elementor-column-gap-default\">\n\t\t\t\t\t<div class=\"elementor-column elementor-col-100 elementor-top-column elementor-element elementor-element-741d898\" data-id=\"741d898\" data-element_type=\"column\">\n\t\t\t<div class=\"elementor-widget-wrap elementor-element-populated\">\n\t\t\t\t\t\t\t\t<div class=\"elementor-element elementor-element-e10824b elementor-widget elementor-widget-spacer\" data-id=\"e10824b\" data-element_type=\"widget\" data-widget_type=\"spacer.default\">\n\t\t\t\t<div class=\"elementor-widget-container\">\n\t\t\t\t\t<div class=\"elementor-spacer\">\n\t\t\t<div class=\"elementor-spacer-inner\"><\/div>\n\t\t<\/div>\n\t\t\t\t<\/div>\n\t\t\t\t<\/div>\n\t\t\t\t\t<\/div>\n\t\t<\/div>\n\t\t\t\t\t\t\t<\/div>\n\t\t<\/section>\n\t\t\t\t\t\t\t<\/div>","protected":false},"excerpt":{"rendered":"<p>Temperaturgef\u00fchrte Transporte und K\u00fchllogistik Wir bieten Ihnen individuelle Logistikl\u00f6sungen f\u00fcr temperaturgef\u00fchrte Lieferungen. Die Sicherheit Ihrer Produkte steht bei uns stets im Vordergrund. Wir verwalten alle unsere Sendungen nach internationalen Qualit\u00e4ts- und Sicherheitsstandards. Mit unserem Know-how agieren wir als Bindeglied zwischen Einzelhandel und Industrie. Europaweit realisieren&#8230;<\/p>","protected":false},"author":1,"featured_media":0,"parent":0,"menu_order":0,"comment_status":"closed","ping_status":"closed","template":"","meta":[],"_links":{"self":[{"href":"https:\/\/fideslogistics.com\/tr\/wp-json\/wp\/v2\/pages\/532"}],"collection":[{"href":"https:\/\/fideslogistics.com\/tr\/wp-json\/wp\/v2\/pages"}],"about":[{"href":"https:\/\/fideslogistics.com\/tr\/wp-json\/wp\/v2\/types\/page"}],"author":[{"embeddable":true,"href":"https:\/\/fideslogistics.com\/tr\/wp-json\/wp\/v2\/users\/1"}],"replies":[{"embeddable":true,"href":"https:\/\/fideslogistics.com\/tr\/wp-json\/wp\/v2\/comments?post=532"}],"version-history":[{"count":20,"href":"https:\/\/fideslogistics.com\/tr\/wp-json\/wp\/v2\/pages\/532\/revisions"}],"predecessor-version":[{"id":1812,"href":"https:\/\/fideslogistics.com\/tr\/wp-json\/wp\/v2\/pages\/532\/revisions\/1812"}],"wp:attachment":[{"href":"https:\/\/fideslogistics.com\/tr\/wp-json\/wp\/v2\/media?parent=532"}],"curies":[{"name":"wp","href":"https:\/\/api.w.org\/{rel}","templated":true}]}}