{"id":538,"date":"2021-07-02T19:28:14","date_gmt":"2021-07-02T16:28:14","guid":{"rendered":"https:\/\/fideslogistics.com\/?page_id=538"},"modified":"2025-06-26T18:31:10","modified_gmt":"2025-06-26T15:31:10","slug":"nationale-transporte","status":"publish","type":"page","link":"https:\/\/fideslogistics.com\/tr\/nationale-transporte\/","title":{"rendered":"Almanya \u0130\u00e7i Ta\u015f\u0131mac\u0131l\u0131k"},"content":{"rendered":"<div data-elementor-type=\"wp-page\" data-elementor-id=\"538\" class=\"elementor elementor-538\">\n\t\t\t\t\t\t\t\t\t<section class=\"elementor-section elementor-top-section elementor-element elementor-element-415363a elementor-section-boxed elementor-section-height-default elementor-section-height-default parallax_section_no qode_elementor_container_no\" data-id=\"415363a\" data-element_type=\"section\">\n\t\t\t\t\t\t<div class=\"elementor-container elementor-column-gap-default\">\n\t\t\t\t\t<div class=\"elementor-column elementor-col-50 elementor-top-column elementor-element elementor-element-796ac2f\" data-id=\"796ac2f\" data-element_type=\"column\">\n\t\t\t<div class=\"elementor-widget-wrap elementor-element-populated\">\n\t\t\t\t\t\t\t\t<div class=\"elementor-element elementor-element-4c83f6e elementor-widget elementor-widget-image\" data-id=\"4c83f6e\" data-element_type=\"widget\" data-widget_type=\"image.default\">\n\t\t\t\t<div class=\"elementor-widget-container\">\n\t\t\t\t\t\t\t\t\t\t\t\t\t\t\t<img width=\"500\" height=\"500\" src=\"https:\/\/fideslogistics.com\/wp-content\/uploads\/2025\/05\/kare_gorsel_3.png\" class=\"attachment-large size-large\" alt=\"\" loading=\"lazy\" srcset=\"https:\/\/fideslogistics.com\/wp-content\/uploads\/2025\/05\/kare_gorsel_3.png 500w, https:\/\/fideslogistics.com\/wp-content\/uploads\/2025\/05\/kare_gorsel_3-300x300.png 300w, https:\/\/fideslogistics.com\/wp-content\/uploads\/2025\/05\/kare_gorsel_3-150x150.png 150w, https:\/\/fideslogistics.com\/wp-content\/uploads\/2025\/05\/kare_gorsel_3-12x12.png 12w\" sizes=\"(max-width: 500px) 100vw, 500px\" \/>\t\t\t\t\t\t\t\t\t\t\t\t\t\t\t<\/div>\n\t\t\t\t<\/div>\n\t\t\t\t\t<\/div>\n\t\t<\/div>\n\t\t\t\t<div class=\"elementor-column elementor-col-50 elementor-top-column elementor-element elementor-element-f2bf5f8\" data-id=\"f2bf5f8\" data-element_type=\"column\">\n\t\t\t<div class=\"elementor-widget-wrap elementor-element-populated\">\n\t\t\t\t\t\t\t\t<div class=\"elementor-element elementor-element-a3bf363 elementor-widget elementor-widget-text-editor\" data-id=\"a3bf363\" data-element_type=\"widget\" data-widget_type=\"text-editor.default\">\n\t\t\t\t<div class=\"elementor-widget-container\">\n\t\t\t\t\t\t\t<h1>Almanya \u0130\u00e7i Ta\u015f\u0131mac\u0131l\u0131k<\/h1><p>\u00a0<\/p><p>Systemverkehre\u00a0\u2013\u00a0Hand in Hand zum Ziel.\u00a0Erg\u00e4nzend zu unserem Regionalverkehr verf\u00fcgen wir \u00fcber ein bundesweit fl\u00e4chendeckendes Netzwerk durch unsere Systemkooperation.<\/p><p>Konkret bedeutet das: t\u00e4gliche Abfahrten, definierte\u00a0Laufzeiten und feste Qualit\u00e4tsstandards. Sie w\u00fcnschen eine Terminzustellung um 8 oder 10 Uhr?<\/p><p>Kontaktieren Sie uns!<\/p><p><br \/>Kontraktlogistik\u00a0&#8211; Ihre Waren in sicheren H\u00e4nden<br \/>Wir zeigen Ihnen, wie Sie durch Outsourcing zu neuer Flexibilit\u00e4t kommen, Fixkosten zu variablen\u00a0Kosten machen\u00a0und Ihre Effizienz bei geringen Investitionen und dadurch das Abfangen saisonaler\u00a0Schwankungen steigern k\u00f6nnen.\u00a0Durch Outsourcing Ihrer Lagerlogistik und Fulfillment\u2013Prozesse erreichen Sie neue Ma\u00dfst\u00e4be in\u00a0Sachen Flexibilit\u00e4t und Effizienz und k\u00f6nnen sich vollst\u00e4ndig auf Ihr Kerngesch\u00e4ft konzentrieren.\u00a0Integrierte L\u00f6sungen mit unserer starken Logistik\u2013Infrastruktur.\u00a0Wir setzen unser ganzes Know\u2013How f\u00fcr Sie ein.<br \/><br \/><\/p><ul><li>&nbsp;<\/li><li>&nbsp;<\/li><li>Nationale Transportl\u00f6sungen<\/li><li>Value Added Services individuell angepasst auf Ihre Bed\u00fcrfnisse<\/li><\/ul>\t\t\t\t\t\t<\/div>\n\t\t\t\t<\/div>\n\t\t\t\t\t<\/div>\n\t\t<\/div>\n\t\t\t\t\t\t\t<\/div>\n\t\t<\/section>\n\t\t\t\t<section class=\"elementor-section elementor-top-section elementor-element elementor-element-a9f11fa elementor-section-boxed elementor-section-height-default elementor-section-height-default parallax_section_no qode_elementor_container_no\" data-id=\"a9f11fa\" data-element_type=\"section\">\n\t\t\t\t\t\t<div class=\"elementor-container elementor-column-gap-default\">\n\t\t\t\t\t<div class=\"elementor-column elementor-col-100 elementor-top-column elementor-element elementor-element-49c0100\" data-id=\"49c0100\" data-element_type=\"column\">\n\t\t\t<div class=\"elementor-widget-wrap elementor-element-populated\">\n\t\t\t\t\t\t\t\t<div class=\"elementor-element elementor-element-83dc30c elementor-widget elementor-widget-spacer\" data-id=\"83dc30c\" data-element_type=\"widget\" data-widget_type=\"spacer.default\">\n\t\t\t\t<div class=\"elementor-widget-container\">\n\t\t\t\t\t<div class=\"elementor-spacer\">\n\t\t\t<div class=\"elementor-spacer-inner\"><\/div>\n\t\t<\/div>\n\t\t\t\t<\/div>\n\t\t\t\t<\/div>\n\t\t\t\t\t<\/div>\n\t\t<\/div>\n\t\t\t\t\t\t\t<\/div>\n\t\t<\/section>\n\t\t\t\t<section class=\"elementor-section elementor-top-section elementor-element elementor-element-21ef958 elementor-section-boxed elementor-section-height-default elementor-section-height-default parallax_section_no qode_elementor_container_no\" data-id=\"21ef958\" data-element_type=\"section\">\n\t\t\t\t\t\t<div class=\"elementor-container elementor-column-gap-default\">\n\t\t\t\t\t<div class=\"elementor-column elementor-col-100 elementor-top-column elementor-element elementor-element-e31e5c8\" data-id=\"e31e5c8\" data-element_type=\"column\">\n\t\t\t<div class=\"elementor-widget-wrap elementor-element-populated\">\n\t\t\t\t\t\t\t\t<div class=\"elementor-element elementor-element-beb4aef elementor-widget elementor-widget-spacer\" data-id=\"beb4aef\" data-element_type=\"widget\" data-widget_type=\"spacer.default\">\n\t\t\t\t<div class=\"elementor-widget-container\">\n\t\t\t\t\t<div class=\"elementor-spacer\">\n\t\t\t<div class=\"elementor-spacer-inner\"><\/div>\n\t\t<\/div>\n\t\t\t\t<\/div>\n\t\t\t\t<\/div>\n\t\t\t\t\t<\/div>\n\t\t<\/div>\n\t\t\t\t\t\t\t<\/div>\n\t\t<\/section>\n\t\t\t\t\t\t\t<\/div>","protected":false},"excerpt":{"rendered":"<p>Nationale Transporte \u00a0 Systemverkehre\u00a0\u2013\u00a0Hand in Hand zum Ziel.\u00a0Erg\u00e4nzend zu unserem Regionalverkehr verf\u00fcgen wir \u00fcber ein bundesweit fl\u00e4chendeckendes Netzwerk durch unsere Systemkooperation. Konkret bedeutet das: t\u00e4gliche Abfahrten, definierte\u00a0Laufzeiten und feste Qualit\u00e4tsstandards. Sie w\u00fcnschen eine Terminzustellung um 8 oder 10 Uhr? Kontaktieren Sie uns! Kontraktlogistik\u00a0&#8211; Ihre Waren&#8230;<\/p>","protected":false},"author":1,"featured_media":0,"parent":0,"menu_order":0,"comment_status":"closed","ping_status":"closed","template":"","meta":[],"_links":{"self":[{"href":"https:\/\/fideslogistics.com\/tr\/wp-json\/wp\/v2\/pages\/538"}],"collection":[{"href":"https:\/\/fideslogistics.com\/tr\/wp-json\/wp\/v2\/pages"}],"about":[{"href":"https:\/\/fideslogistics.com\/tr\/wp-json\/wp\/v2\/types\/page"}],"author":[{"embeddable":true,"href":"https:\/\/fideslogistics.com\/tr\/wp-json\/wp\/v2\/users\/1"}],"replies":[{"embeddable":true,"href":"https:\/\/fideslogistics.com\/tr\/wp-json\/wp\/v2\/comments?post=538"}],"version-history":[{"count":27,"href":"https:\/\/fideslogistics.com\/tr\/wp-json\/wp\/v2\/pages\/538\/revisions"}],"predecessor-version":[{"id":1680,"href":"https:\/\/fideslogistics.com\/tr\/wp-json\/wp\/v2\/pages\/538\/revisions\/1680"}],"wp:attachment":[{"href":"https:\/\/fideslogistics.com\/tr\/wp-json\/wp\/v2\/media?parent=538"}],"curies":[{"name":"wp","href":"https:\/\/api.w.org\/{rel}","templated":true}]}}